{"id":2733,"date":"2021-04-06T13:17:35","date_gmt":"2021-04-06T13:17:35","guid":{"rendered":"https:\/\/crossbowsoptical.com\/?post_type=product&#038;p=2733"},"modified":"2021-04-06T13:17:35","modified_gmt":"2021-04-06T13:17:35","slug":"custom-sport-sv","status":"publish","type":"product","link":"https:\/\/crossbowsoptical.com\/pt-br\/products\/custom-sport-sv\/","title":{"rendered":"Custom Sport SV"},"content":{"rendered":"<p>Custom Sport SV \u00e9 um desenho de lente asf\u00e9rica que oferece desempenho visual aprimorado para pessoas com miopia e hipermetropia com clareza de vis\u00e3o aprimorada por meio de distor\u00e7\u00e3o perif\u00e9rica reduzida.<\/p>\n<p>O aplicativo EyeView elimina distor\u00e7\u00e3o perif\u00e9rica associado \u00e0s lentes tradicionais de vis\u00e3o simples.<\/p>\n<p>Tecnologia de Personaliza\u00e7\u00e3o EyePower, torna o Custom Sport SV \u00e9 ideal para atletas e usu\u00e1rios de arma\u00e7\u00f5es curvas ou da moda.<\/p>\n","protected":false},"featured_media":2579,"template":"","product-category":[51,52,55,69],"acf":[],"_links":{"self":[{"href":"https:\/\/crossbowsoptical.com\/pt-br\/wp-json\/wp\/v2\/product\/2733"}],"collection":[{"href":"https:\/\/crossbowsoptical.com\/pt-br\/wp-json\/wp\/v2\/product"}],"about":[{"href":"https:\/\/crossbowsoptical.com\/pt-br\/wp-json\/wp\/v2\/types\/product"}],"wp:featuredmedia":[{"embeddable":true,"href":"https:\/\/crossbowsoptical.com\/pt-br\/wp-json\/wp\/v2\/media\/2579"}],"wp:attachment":[{"href":"https:\/\/crossbowsoptical.com\/pt-br\/wp-json\/wp\/v2\/media?parent=2733"}],"wp:term":[{"taxonomy":"product-category","embeddable":true,"href":"https:\/\/crossbowsoptical.com\/pt-br\/wp-json\/wp\/v2\/product-category?post=2733"}],"curies":[{"name":"wp","href":"https:\/\/api.w.org\/{rel}","templated":true}]}}