{"id":2732,"date":"2021-04-06T11:56:08","date_gmt":"2021-04-06T11:56:08","guid":{"rendered":"https:\/\/crossbowsoptical.com\/?post_type=product&#038;p=2732"},"modified":"2021-04-06T11:57:33","modified_gmt":"2021-04-06T11:57:33","slug":"custom-professional-2-0","status":"publish","type":"product","link":"https:\/\/crossbowsoptical.com\/pt-br\/products\/custom-professional-2-0\/","title":{"rendered":"Custom Professional 2.0"},"content":{"rendered":"<p>Custom Professional 2.0 \u00e9 uma lente ocupacional que permite a livre escolha de vis\u00e3o \u00e0 dist\u00e2ncia de at\u00e9 6 m (definida por padr\u00e3o), deixando em aberto a escolha do equil\u00edbrio entre excelente vis\u00e3o de perto e alcance de vis\u00e3o \u00e0 dist\u00e2ncia.<\/p>\n<p><strong>Ideal Para<\/strong><\/p>\n<p>Qualquer pessoa, de designer gr\u00e1fico a recepcionista, por sua flexibilidade<\/p>\n<p>Profissionais que trabalham em casa.<\/p>\n<p><strong>FlexiView<\/strong><\/p>\n<p>Ao trazer flexibilidade para a gama de lentes ocupacionais, o FlexiView fornece o poder de definir a vis\u00e3o \u00e0 dist\u00e2ncia, oferecendo uma escolha de dist\u00e2ncia de visualiza\u00e7\u00e3o m\u00e1xima variando de 0,5m a 6m. Com uma dist\u00e2ncia de trabalho predeterminada 6m, o Custom Professional 2.0 complementa a gama de lentes ocupacionais e de escrit\u00f3rio, oferecendo uma lente de trabalho remoto, as principais vantagens de um design de escrit\u00f3rio sem obstruir a vis\u00e3o interna para ajudar a gerenciar outras tarefas dom\u00e9sticas.<\/p>\n","protected":false},"featured_media":2571,"template":"","product-category":[55,65],"acf":[],"_links":{"self":[{"href":"https:\/\/crossbowsoptical.com\/pt-br\/wp-json\/wp\/v2\/product\/2732"}],"collection":[{"href":"https:\/\/crossbowsoptical.com\/pt-br\/wp-json\/wp\/v2\/product"}],"about":[{"href":"https:\/\/crossbowsoptical.com\/pt-br\/wp-json\/wp\/v2\/types\/product"}],"wp:featuredmedia":[{"embeddable":true,"href":"https:\/\/crossbowsoptical.com\/pt-br\/wp-json\/wp\/v2\/media\/2571"}],"wp:attachment":[{"href":"https:\/\/crossbowsoptical.com\/pt-br\/wp-json\/wp\/v2\/media?parent=2732"}],"wp:term":[{"taxonomy":"product-category","embeddable":true,"href":"https:\/\/crossbowsoptical.com\/pt-br\/wp-json\/wp\/v2\/product-category?post=2732"}],"curies":[{"name":"wp","href":"https:\/\/api.w.org\/{rel}","templated":true}]}}