{"id":2240,"date":"2019-10-19T13:17:08","date_gmt":"2019-10-19T13:17:08","guid":{"rendered":"http:\/\/crossbowsoptical.blue2web.co.uk\/products\/custom-v-hard-2\/"},"modified":"2020-02-10T14:48:15","modified_gmt":"2020-02-10T14:48:15","slug":"custom-v-hard-2","status":"publish","type":"product","link":"https:\/\/crossbowsoptical.com\/pt-br\/products\/custom-v-hard-2\/","title":{"rendered":"Custom V+ Glass Lenses"},"content":{"rendered":"<p>O desenho progressivo Premium Custom V + foi criado usando o nosso sistema de design patenteado &#8220;Smooth Optics&#8221;. Essa abordagem radical reverte o processo normal de projeto e permitiu que o Custom V + fosse projetado desde o in\u00edcio com um perfil de pot\u00eancia m\u00e9dia muito suave, minimizando os efeitos de tontura ou &#8220;vis\u00e3o subaqu\u00e1tica&#8221;, proporcionando excelente conforto ao paciente e uma r\u00e1pida adapta\u00e7\u00e3o. O design tamb\u00e9m possui um excelente equil\u00edbrio binocular.<\/p>\n<p>A tecnologia Digital EyeView \u00e9 integrada para campos de vis\u00e3o mais amplos e o comprimento do corredor \u00e9 selecionado por computador com medidas de ajuste facial e especifica\u00e7\u00f5es da arma\u00e7\u00e3o do paciente.<\/p>\n<p>O Digital EyePower completa as inova\u00e7\u00f5es tecnol\u00f3gicas integradas no Custom V + e \u00e9 uma extens\u00e3o dos princ\u00edpios do Digital EyeView. O EyePower usa a dist\u00e2ncia do v\u00e9rtice posterior de um indiv\u00edduo, a inclina\u00e7\u00e3o pantosc\u00f3pica e o \u00e2ngulo panor\u00e2mico para ajustar a esfera, o cilindro e o eixo da prescri\u00e7\u00e3o para fornecer a melhor condi\u00e7\u00e3o poss\u00edvel de uso.<\/p>\n<p>&nbsp;<\/p>\n","protected":false},"featured_media":378,"template":"","product-category":[],"acf":[],"_links":{"self":[{"href":"https:\/\/crossbowsoptical.com\/pt-br\/wp-json\/wp\/v2\/product\/2240"}],"collection":[{"href":"https:\/\/crossbowsoptical.com\/pt-br\/wp-json\/wp\/v2\/product"}],"about":[{"href":"https:\/\/crossbowsoptical.com\/pt-br\/wp-json\/wp\/v2\/types\/product"}],"wp:featuredmedia":[{"embeddable":true,"href":"https:\/\/crossbowsoptical.com\/pt-br\/wp-json\/wp\/v2\/media\/378"}],"wp:attachment":[{"href":"https:\/\/crossbowsoptical.com\/pt-br\/wp-json\/wp\/v2\/media?parent=2240"}],"wp:term":[{"taxonomy":"product-category","embeddable":true,"href":"https:\/\/crossbowsoptical.com\/pt-br\/wp-json\/wp\/v2\/product-category?post=2240"}],"curies":[{"name":"wp","href":"https:\/\/api.w.org\/{rel}","templated":true}]}}