{"id":2235,"date":"2019-12-12T15:30:22","date_gmt":"2019-12-12T15:30:22","guid":{"rendered":"http:\/\/crossbowsoptical.blue2web.co.uk\/products\/preview\/"},"modified":"2020-02-10T14:20:28","modified_gmt":"2020-02-10T14:20:28","slug":"preview","status":"publish","type":"product","link":"https:\/\/crossbowsoptical.com\/pt-br\/products\/preview\/","title":{"rendered":"Preview"},"content":{"rendered":"<p>Projetado usando o sistema Smooth Optics que reverte o processo normal de design e permite que o design Preview seja projetado desde o in\u00edcio com um perfil de pot\u00eancia m\u00e9dia muito suave.<\/p>\n<p>Efeitos minimos de tontura e &#8220;ver debaixo d&#8217;\u00e1gua&#8221;, excelente conforto do paciente e r\u00e1pida adapta\u00e7\u00e3o.<\/p>\n","protected":false},"featured_media":608,"template":"","product-category":[],"acf":[],"_links":{"self":[{"href":"https:\/\/crossbowsoptical.com\/pt-br\/wp-json\/wp\/v2\/product\/2235"}],"collection":[{"href":"https:\/\/crossbowsoptical.com\/pt-br\/wp-json\/wp\/v2\/product"}],"about":[{"href":"https:\/\/crossbowsoptical.com\/pt-br\/wp-json\/wp\/v2\/types\/product"}],"wp:featuredmedia":[{"embeddable":true,"href":"https:\/\/crossbowsoptical.com\/pt-br\/wp-json\/wp\/v2\/media\/608"}],"wp:attachment":[{"href":"https:\/\/crossbowsoptical.com\/pt-br\/wp-json\/wp\/v2\/media?parent=2235"}],"wp:term":[{"taxonomy":"product-category","embeddable":true,"href":"https:\/\/crossbowsoptical.com\/pt-br\/wp-json\/wp\/v2\/product-category?post=2235"}],"curies":[{"name":"wp","href":"https:\/\/api.w.org\/{rel}","templated":true}]}}