{"id":2213,"date":"2019-12-18T14:21:31","date_gmt":"2019-12-18T14:21:31","guid":{"rendered":"http:\/\/crossbowsoptical.blue2web.co.uk\/products\/crossbows-relax-2\/"},"modified":"2020-02-10T13:31:05","modified_gmt":"2020-02-10T13:31:05","slug":"crossbows-relax-2","status":"publish","type":"product","link":"https:\/\/crossbowsoptical.com\/pt-br\/products\/crossbows-relax-2\/","title":{"rendered":"Relax"},"content":{"rendered":"<p>O desenho Relax \u00e9 um design progressivo para pessoas que n\u00e3o s\u00e3o emprestadas. Evita que os olhos do paciente se cansem e se esfor\u00e7am se passam a maior parte do dia concentrando-se na mesma dist\u00e2ncia, por exemplo, usando um computador. O design corresponde \u00e0 prescri\u00e7\u00e3o \u00e0 dist\u00e2ncia do paciente e fornece alguma ajuda aos olhos, pois eles se concentram na vis\u00e3o intermedi\u00e1ria e na vis\u00e3o de perto. Est\u00e1 dispon\u00edvel em duas formas; Relax I tem um acr\u00e9scimo de 0,66D, Relax II tem um acr\u00e9scimo de 1,00D<\/p>\n<ul>\n<li>Design muito suave com distor\u00e7\u00e3o muito baixa.<\/li>\n<li>\u00c1rea de distor\u00e7\u00e3o \u00e0 dist\u00e2ncia e corredor livre<\/li>\n<li>Projetos individuais para os olhos esquerdo e direito.<\/li>\n<li>Comprimento do canal de 14 mm com pot\u00eancia total de adi\u00e7\u00e3o<\/li>\n<li>Moldes dispon\u00edveis para qualquer \u00edndice de material da lente<\/li>\n<li>Moldes dispon\u00edveis em qualquer curva b\u00e1sica<\/li>\n<\/ul>\n<p>&nbsp;<\/p>\n","protected":false},"featured_media":689,"template":"","product-category":[],"acf":[],"_links":{"self":[{"href":"https:\/\/crossbowsoptical.com\/pt-br\/wp-json\/wp\/v2\/product\/2213"}],"collection":[{"href":"https:\/\/crossbowsoptical.com\/pt-br\/wp-json\/wp\/v2\/product"}],"about":[{"href":"https:\/\/crossbowsoptical.com\/pt-br\/wp-json\/wp\/v2\/types\/product"}],"wp:featuredmedia":[{"embeddable":true,"href":"https:\/\/crossbowsoptical.com\/pt-br\/wp-json\/wp\/v2\/media\/689"}],"wp:attachment":[{"href":"https:\/\/crossbowsoptical.com\/pt-br\/wp-json\/wp\/v2\/media?parent=2213"}],"wp:term":[{"taxonomy":"product-category","embeddable":true,"href":"https:\/\/crossbowsoptical.com\/pt-br\/wp-json\/wp\/v2\/product-category?post=2213"}],"curies":[{"name":"wp","href":"https:\/\/api.w.org\/{rel}","templated":true}]}}