{"id":2207,"date":"2019-11-29T15:10:05","date_gmt":"2019-11-29T15:10:05","guid":{"rendered":"http:\/\/crossbowsoptical.blue2web.co.uk\/products\/crossbows-blended-bifocal\/"},"modified":"2020-02-10T13:21:31","modified_gmt":"2020-02-10T13:21:31","slug":"crossbows-blended-bifocal","status":"publish","type":"product","link":"https:\/\/crossbowsoptical.com\/pt-br\/products\/crossbows-blended-bifocal\/","title":{"rendered":"Crossbows Blended Bifocal"},"content":{"rendered":"<p>O desenho bifocal personalizado elimina as linhas ou segmentos reveladores encontrados nos bifocais fundidos!<\/p>\n<p>Permite escolher o di\u00e2metro do segmento, a posi\u00e7\u00e3o do segmento e a largura da regi\u00e3o de transi\u00e7\u00e3o combinada .<\/p>\n","protected":false},"featured_media":463,"template":"","product-category":[],"acf":[],"_links":{"self":[{"href":"https:\/\/crossbowsoptical.com\/pt-br\/wp-json\/wp\/v2\/product\/2207"}],"collection":[{"href":"https:\/\/crossbowsoptical.com\/pt-br\/wp-json\/wp\/v2\/product"}],"about":[{"href":"https:\/\/crossbowsoptical.com\/pt-br\/wp-json\/wp\/v2\/types\/product"}],"wp:featuredmedia":[{"embeddable":true,"href":"https:\/\/crossbowsoptical.com\/pt-br\/wp-json\/wp\/v2\/media\/463"}],"wp:attachment":[{"href":"https:\/\/crossbowsoptical.com\/pt-br\/wp-json\/wp\/v2\/media?parent=2207"}],"wp:term":[{"taxonomy":"product-category","embeddable":true,"href":"https:\/\/crossbowsoptical.com\/pt-br\/wp-json\/wp\/v2\/product-category?post=2207"}],"curies":[{"name":"wp","href":"https:\/\/api.w.org\/{rel}","templated":true}]}}