{"id":2195,"date":"2019-12-16T10:06:15","date_gmt":"2019-12-16T10:06:15","guid":{"rendered":"http:\/\/crossbowsoptical.blue2web.co.uk\/products\/crossbows-petite-junior\/"},"modified":"2020-02-10T13:06:17","modified_gmt":"2020-02-10T13:06:17","slug":"crossbows-petite-junior","status":"publish","type":"product","link":"https:\/\/crossbowsoptical.com\/pt-br\/products\/crossbows-petite-junior\/","title":{"rendered":"Crossbows Petite Junior"},"content":{"rendered":"<p>O Progressive Petite Junior foi projetado especificamente para ajudar a reduzir a progress\u00e3o da miopia em jovens entre 8 e 16 anos. O design oferece uma grande \u00e1rea de leitura est\u00e1vel combinada com excelente nitidez perif\u00e9rica na zona de dist\u00e2ncia.<\/p>\n","protected":false},"featured_media":648,"template":"","product-category":[],"acf":[],"_links":{"self":[{"href":"https:\/\/crossbowsoptical.com\/pt-br\/wp-json\/wp\/v2\/product\/2195"}],"collection":[{"href":"https:\/\/crossbowsoptical.com\/pt-br\/wp-json\/wp\/v2\/product"}],"about":[{"href":"https:\/\/crossbowsoptical.com\/pt-br\/wp-json\/wp\/v2\/types\/product"}],"wp:featuredmedia":[{"embeddable":true,"href":"https:\/\/crossbowsoptical.com\/pt-br\/wp-json\/wp\/v2\/media\/648"}],"wp:attachment":[{"href":"https:\/\/crossbowsoptical.com\/pt-br\/wp-json\/wp\/v2\/media?parent=2195"}],"wp:term":[{"taxonomy":"product-category","embeddable":true,"href":"https:\/\/crossbowsoptical.com\/pt-br\/wp-json\/wp\/v2\/product-category?post=2195"}],"curies":[{"name":"wp","href":"https:\/\/api.w.org\/{rel}","templated":true}]}}