{"id":2192,"date":"2019-12-16T10:06:15","date_gmt":"2019-12-16T10:06:15","guid":{"rendered":"http:\/\/crossbowsoptical.blue2web.co.uk\/products\/petite-junior\/"},"modified":"2020-02-10T13:44:29","modified_gmt":"2020-02-10T13:44:29","slug":"petite-junior","status":"publish","type":"product","link":"https:\/\/crossbowsoptical.com\/pt-br\/products\/petite-junior\/","title":{"rendered":"Petite Junior"},"content":{"rendered":"<p>O progressivo Petite Junior foi projetado especificamente para ajudar a reduzir a progress\u00e3o da miopia em jovens entre 8 e 16 anos. O design oferece uma grande \u00e1rea de leitura est\u00e1vel combinada com excelente nitidez perif\u00e9rica na zona de dist\u00e2ncia.<\/p>\n","protected":false},"featured_media":648,"template":"","product-category":[],"acf":[],"_links":{"self":[{"href":"https:\/\/crossbowsoptical.com\/pt-br\/wp-json\/wp\/v2\/product\/2192"}],"collection":[{"href":"https:\/\/crossbowsoptical.com\/pt-br\/wp-json\/wp\/v2\/product"}],"about":[{"href":"https:\/\/crossbowsoptical.com\/pt-br\/wp-json\/wp\/v2\/types\/product"}],"wp:featuredmedia":[{"embeddable":true,"href":"https:\/\/crossbowsoptical.com\/pt-br\/wp-json\/wp\/v2\/media\/648"}],"wp:attachment":[{"href":"https:\/\/crossbowsoptical.com\/pt-br\/wp-json\/wp\/v2\/media?parent=2192"}],"wp:term":[{"taxonomy":"product-category","embeddable":true,"href":"https:\/\/crossbowsoptical.com\/pt-br\/wp-json\/wp\/v2\/product-category?post=2192"}],"curies":[{"name":"wp","href":"https:\/\/api.w.org\/{rel}","templated":true}]}}