{"id":2184,"date":"2019-12-16T09:22:53","date_gmt":"2019-12-16T09:22:53","guid":{"rendered":"http:\/\/crossbowsoptical.blue2web.co.uk\/products\/crossbows-computereyes\/"},"modified":"2020-02-10T12:33:33","modified_gmt":"2020-02-10T12:33:33","slug":"crossbows-computereyes","status":"publish","type":"product","link":"https:\/\/crossbowsoptical.com\/pt-br\/products\/crossbows-computereyes\/","title":{"rendered":"Crossbows ComputerEyes"},"content":{"rendered":"<p>Nossos desenhos ComputerEyes s\u00e3o usados \u200b\u200bprincipalmente em ambientes de escrit\u00f3rio e s\u00e3o excelentes lentes para uso durante o trabalho em tarefas que requerem vis\u00e3o de perto e intermedi\u00e1ria.<\/p>\n<p>N\u00e3o \u00e9 um desenho progressivo tradicional, mas \u00e9 uma alternativa a uma lente de leitura, que fornece uma vis\u00e3o clara para a leitura e a vis\u00e3o intermedi\u00e1ria. A ampla gama de pot\u00eancias din\u00e2micas permite a escolha ideal para todas as adi\u00e7\u00f5es de leitura de at\u00e9 3,00 D e se beneficia da leitura totalmente corrigida, vis\u00e3o intermedi\u00e1ria e vis\u00e3o a dist\u00e2ncia maximizada. O design reduz a tens\u00e3o ocular e cervical associada ao uso prolongado de computadores.<\/p>\n","protected":false},"featured_media":644,"template":"","product-category":[],"acf":[],"_links":{"self":[{"href":"https:\/\/crossbowsoptical.com\/pt-br\/wp-json\/wp\/v2\/product\/2184"}],"collection":[{"href":"https:\/\/crossbowsoptical.com\/pt-br\/wp-json\/wp\/v2\/product"}],"about":[{"href":"https:\/\/crossbowsoptical.com\/pt-br\/wp-json\/wp\/v2\/types\/product"}],"wp:featuredmedia":[{"embeddable":true,"href":"https:\/\/crossbowsoptical.com\/pt-br\/wp-json\/wp\/v2\/media\/644"}],"wp:attachment":[{"href":"https:\/\/crossbowsoptical.com\/pt-br\/wp-json\/wp\/v2\/media?parent=2184"}],"wp:term":[{"taxonomy":"product-category","embeddable":true,"href":"https:\/\/crossbowsoptical.com\/pt-br\/wp-json\/wp\/v2\/product-category?post=2184"}],"curies":[{"name":"wp","href":"https:\/\/api.w.org\/{rel}","templated":true}]}}