{"id":2177,"date":"2019-12-13T14:04:24","date_gmt":"2019-12-13T14:04:24","guid":{"rendered":"http:\/\/crossbowsoptical.blue2web.co.uk\/products\/crossbows-preview-short\/"},"modified":"2020-02-10T12:23:19","modified_gmt":"2020-02-10T12:23:19","slug":"crossbows-preview-short","status":"publish","type":"product","link":"https:\/\/crossbowsoptical.com\/pt-br\/products\/crossbows-preview-short\/","title":{"rendered":"Crossbows Preview Short"},"content":{"rendered":"<p>Como parte da linha Preview, o Preview Short foi projetado usando o mais recente sistema de design Smooth Optics da Crossbows. Essa abordagem radical reverte o processo normal de desenho e permitiu que o Preview Short fosse projetado desde o in\u00edcio com um perfil de pot\u00eancia m\u00e9dia muito suave, minimizando os efeitos de tontura ou &#8220;vis\u00e3o subaqu\u00e1tica&#8221;, proporcionando excelente conforto ao paciente , uma r\u00e1pida adapta\u00e7\u00e3o e at\u00e9 benef\u00edcios de ter um corredor curto.<\/p>\n<ul>\n<li>Tecnologia de design &#8220;Smooth Optics&#8221;<\/li>\n<li>Desenho de corredor curto<\/li>\n<li>Distribui\u00e7\u00e3o de pot\u00e9ncia suave m\u00e9dia<\/li>\n<li>Design suave com baixa distor\u00e7\u00e3o.<\/li>\n<li>\u00c1rea de distor\u00e7\u00e3o livre em vis\u00e3o para longe e corredor<\/li>\n<li>Comprimento do canal de 13 mm com pot\u00eancia total de adi\u00e7\u00e3o<\/li>\n<li>Moldes dispon\u00edveis para qualquer \u00edndice de material da lente<\/li>\n<li>Moldes dispon\u00edveis em qualquer curva base<\/li>\n<\/ul>\n","protected":false},"featured_media":627,"template":"","product-category":[],"acf":[],"_links":{"self":[{"href":"https:\/\/crossbowsoptical.com\/pt-br\/wp-json\/wp\/v2\/product\/2177"}],"collection":[{"href":"https:\/\/crossbowsoptical.com\/pt-br\/wp-json\/wp\/v2\/product"}],"about":[{"href":"https:\/\/crossbowsoptical.com\/pt-br\/wp-json\/wp\/v2\/types\/product"}],"wp:featuredmedia":[{"embeddable":true,"href":"https:\/\/crossbowsoptical.com\/pt-br\/wp-json\/wp\/v2\/media\/627"}],"wp:attachment":[{"href":"https:\/\/crossbowsoptical.com\/pt-br\/wp-json\/wp\/v2\/media?parent=2177"}],"wp:term":[{"taxonomy":"product-category","embeddable":true,"href":"https:\/\/crossbowsoptical.com\/pt-br\/wp-json\/wp\/v2\/product-category?post=2177"}],"curies":[{"name":"wp","href":"https:\/\/api.w.org\/{rel}","templated":true}]}}