{"id":2153,"date":"2019-12-12T15:30:22","date_gmt":"2019-12-12T15:30:22","guid":{"rendered":"http:\/\/crossbowsoptical.blue2web.co.uk\/products\/crossbows-preview\/"},"modified":"2020-02-10T11:52:30","modified_gmt":"2020-02-10T11:52:30","slug":"crossbows-preview","status":"publish","type":"product","link":"https:\/\/crossbowsoptical.com\/pt-br\/products\/crossbows-preview\/","title":{"rendered":"Crossbows Preview"},"content":{"rendered":"<p>Projetado usando o sistema Smooth Optics que reverte o processo normal de design e permite que o Preview seja projetado desde o in\u00edcio com um perfil de pot\u00eancia m\u00e9dia muito suave.<\/p>\n<p>Efeitos de tontura ou m\u00ednimo &#8220;ver debaixo d&#8217;\u00e1gua&#8221;, excelente conforto do paciente e r\u00e1pida adapta\u00e7\u00e3o.<\/p>\n","protected":false},"featured_media":608,"template":"","product-category":[],"acf":[],"_links":{"self":[{"href":"https:\/\/crossbowsoptical.com\/pt-br\/wp-json\/wp\/v2\/product\/2153"}],"collection":[{"href":"https:\/\/crossbowsoptical.com\/pt-br\/wp-json\/wp\/v2\/product"}],"about":[{"href":"https:\/\/crossbowsoptical.com\/pt-br\/wp-json\/wp\/v2\/types\/product"}],"wp:featuredmedia":[{"embeddable":true,"href":"https:\/\/crossbowsoptical.com\/pt-br\/wp-json\/wp\/v2\/media\/608"}],"wp:attachment":[{"href":"https:\/\/crossbowsoptical.com\/pt-br\/wp-json\/wp\/v2\/media?parent=2153"}],"wp:term":[{"taxonomy":"product-category","embeddable":true,"href":"https:\/\/crossbowsoptical.com\/pt-br\/wp-json\/wp\/v2\/product-category?post=2153"}],"curies":[{"name":"wp","href":"https:\/\/api.w.org\/{rel}","templated":true}]}}