{"id":2145,"date":"2019-11-29T15:37:55","date_gmt":"2019-11-29T15:37:55","guid":{"rendered":"http:\/\/crossbowsoptical.blue2web.co.uk\/products\/custom-single-vision\/"},"modified":"2021-04-06T13:09:54","modified_gmt":"2021-04-06T13:09:54","slug":"custom-digital-sv","status":"publish","type":"product","link":"https:\/\/crossbowsoptical.com\/pt-br\/products\/custom-digital-sv\/","title":{"rendered":"Custom Digital SV"},"content":{"rendered":"<p>As lentes de vis\u00e3o simples digitais personalizadas usam a tecnologia EyeView para reduzir a distor\u00e7\u00e3o perif\u00e9rica causada por astigmatismo indesejado associado \u00e0s lentes convencionais de vis\u00e3o \u00fanica.<\/p>\n","protected":false},"featured_media":2578,"template":"","product-category":[51,52,55,69],"acf":[],"_links":{"self":[{"href":"https:\/\/crossbowsoptical.com\/pt-br\/wp-json\/wp\/v2\/product\/2145"}],"collection":[{"href":"https:\/\/crossbowsoptical.com\/pt-br\/wp-json\/wp\/v2\/product"}],"about":[{"href":"https:\/\/crossbowsoptical.com\/pt-br\/wp-json\/wp\/v2\/types\/product"}],"wp:featuredmedia":[{"embeddable":true,"href":"https:\/\/crossbowsoptical.com\/pt-br\/wp-json\/wp\/v2\/media\/2578"}],"wp:attachment":[{"href":"https:\/\/crossbowsoptical.com\/pt-br\/wp-json\/wp\/v2\/media?parent=2145"}],"wp:term":[{"taxonomy":"product-category","embeddable":true,"href":"https:\/\/crossbowsoptical.com\/pt-br\/wp-json\/wp\/v2\/product-category?post=2145"}],"curies":[{"name":"wp","href":"https:\/\/api.w.org\/{rel}","templated":true}]}}