{"id":2127,"date":"2019-11-29T15:10:05","date_gmt":"2019-11-29T15:10:05","guid":{"rendered":"http:\/\/crossbowsoptical.blue2web.co.uk\/products\/custom-blended-bifocal\/"},"modified":"2021-04-06T12:27:31","modified_gmt":"2021-04-06T12:27:31","slug":"custom-blended-bifocal","status":"publish","type":"product","link":"https:\/\/crossbowsoptical.com\/pt-br\/products\/custom-blended-bifocal\/","title":{"rendered":"Custom Blended Bifocal"},"content":{"rendered":"<p>O design bifocal invis\u00edvel personalizado elimina a linha reveladora encontrada nos bifocais tradicionais, como o flat top!<\/p>\n<p>Permite escolher o di\u00e2metro do segmento, a posi\u00e7\u00e3o do segmento e a largura da regi\u00e3o combinada.<\/p>\n","protected":false},"featured_media":2559,"template":"","product-category":[55,69],"acf":[],"_links":{"self":[{"href":"https:\/\/crossbowsoptical.com\/pt-br\/wp-json\/wp\/v2\/product\/2127"}],"collection":[{"href":"https:\/\/crossbowsoptical.com\/pt-br\/wp-json\/wp\/v2\/product"}],"about":[{"href":"https:\/\/crossbowsoptical.com\/pt-br\/wp-json\/wp\/v2\/types\/product"}],"wp:featuredmedia":[{"embeddable":true,"href":"https:\/\/crossbowsoptical.com\/pt-br\/wp-json\/wp\/v2\/media\/2559"}],"wp:attachment":[{"href":"https:\/\/crossbowsoptical.com\/pt-br\/wp-json\/wp\/v2\/media?parent=2127"}],"wp:term":[{"taxonomy":"product-category","embeddable":true,"href":"https:\/\/crossbowsoptical.com\/pt-br\/wp-json\/wp\/v2\/product-category?post=2127"}],"curies":[{"name":"wp","href":"https:\/\/api.w.org\/{rel}","templated":true}]}}