{"id":2115,"date":"2019-11-29T14:43:10","date_gmt":"2019-11-29T14:43:10","guid":{"rendered":"http:\/\/crossbowsoptical.blue2web.co.uk\/products\/custom-relax-s\/"},"modified":"2021-04-06T12:21:34","modified_gmt":"2021-04-06T12:21:34","slug":"custom-relax-2-0","status":"publish","type":"product","link":"https:\/\/crossbowsoptical.com\/pt-br\/products\/custom-relax-2-0\/","title":{"rendered":"Custom Relax 2.0"},"content":{"rendered":"<p>Custom Relax 2.0 Lente progressiva para jovens de 25 a 40 anos.<\/p>\n<p>Um design progressivo para pacientes que n\u00e3o t\u00eam presbiopia. Impede os olhos do paciente fiquem cansados \u200b\u200be tensos se eles passam muito tempo dia, concentrando-se na mesma dist\u00e2ncia, como usar um computador. Suporta o esfor\u00e7o na vis\u00e3o de perto por ter uma pequena quantidade de adi\u00e7\u00e3o que permite aos olhos usar menos de sua acomoda\u00e7\u00e3o e, portanto, permite que o usu\u00e1rio continue realizando tarefas de vis\u00e3o de perto por mais tempo sem cansar os olhos.<\/p>\n<p>O rastreamento de raios inovador da tecnologia EyeView, garante que o design do Relax S 2.0, t\u00eam desempenho superior e consistente atrav\u00e9s da lente.<\/p>\n<p>CustomFORM \u00e9 inerentemente design natural que aumenta o relaxamento proporcionando excelente conforto ao paciente.<\/p>\n","protected":false},"featured_media":2572,"template":"","product-category":[55,62],"acf":[],"_links":{"self":[{"href":"https:\/\/crossbowsoptical.com\/pt-br\/wp-json\/wp\/v2\/product\/2115"}],"collection":[{"href":"https:\/\/crossbowsoptical.com\/pt-br\/wp-json\/wp\/v2\/product"}],"about":[{"href":"https:\/\/crossbowsoptical.com\/pt-br\/wp-json\/wp\/v2\/types\/product"}],"wp:featuredmedia":[{"embeddable":true,"href":"https:\/\/crossbowsoptical.com\/pt-br\/wp-json\/wp\/v2\/media\/2572"}],"wp:attachment":[{"href":"https:\/\/crossbowsoptical.com\/pt-br\/wp-json\/wp\/v2\/media?parent=2115"}],"wp:term":[{"taxonomy":"product-category","embeddable":true,"href":"https:\/\/crossbowsoptical.com\/pt-br\/wp-json\/wp\/v2\/product-category?post=2115"}],"curies":[{"name":"wp","href":"https:\/\/api.w.org\/{rel}","templated":true}]}}