{"id":2103,"date":"2019-11-29T15:03:10","date_gmt":"2019-11-29T15:03:10","guid":{"rendered":"http:\/\/crossbowsoptical.blue2web.co.uk\/products\/custom-junior\/"},"modified":"2021-04-06T12:10:00","modified_gmt":"2021-04-06T12:10:00","slug":"custom-junior-soft","status":"publish","type":"product","link":"https:\/\/crossbowsoptical.com\/pt-br\/products\/custom-junior-soft\/","title":{"rendered":"Custom Junior Soft"},"content":{"rendered":"<p>Este design progressivo suave foi criado em resposta a estudos cl\u00ednicos sobre o uso de multifocais em crian\u00e7as pequenas para retardar progress\u00e3o da miopia de in\u00edcio precoce. Estudos, realizados na \u00c1sia e nos Estados Unidos, concluem que lentes como a Custom Junior Soft reduzem a progress\u00e3o da miopia. Recomendado para crian\u00e7as de 8 a 16 anos de acordo com sinais de que a miopia est\u00e1 se estabilizando no final da adolesc\u00eancia ou no in\u00edcio dos anos vinte.<\/p>\n<p>O design Junior Soft oferece uma \u00e1rea de leitura grande e est\u00e1vel e excelente clareza perif\u00e9rica na zona de dist\u00e2ncia.<\/p>\n<p>Smooth Optics \u00e9 a inova\u00e7\u00e3o l\u00edder na ind\u00fastria de lentes de marca pr\u00f3pria. O processo de cria\u00e7\u00e3o de designs com Smooth Optics come\u00e7a com a defini\u00e7\u00e3o da superf\u00edcie da lente em termos de suas propriedades \u00f3pticas. Esta abordagem patenteada investe o processo normal de design, ent\u00e3o, em vez de criar uma superf\u00edcie e analis\u00e1-la para determinar seu desempenho \u00f3ptico, o ponto de partida \u00e9 descrever a Pot\u00eancia m\u00e9dia exigida pelo olho em todos os pontos da lente e, em seguida, derivando a superf\u00edcie para corresponder a este ideal. O perfil de pot\u00eancia m\u00e9dia \u00e9 mais uniforme e suave, n\u00e3o apenas nas principais \u00e1reas de vis\u00e3o, mas tamb\u00e9m nas \u00e1reas perif\u00e9ricas.<\/p>\n<ul>\n<li>Conforto superior do paciente<\/li>\n<li>Vis\u00e3o clara em todas as dire\u00e7\u00f5es<\/li>\n<li>Minimiza o desfoque experimentado com progressivas tradicionais<\/li>\n<li>Tempos de adapta\u00e7\u00e3o do paciente mais r\u00e1pidos e maior satisfa\u00e7\u00e3o do paciente<\/li>\n<\/ul>\n<p>Custom Junior Soft vem com descentraliza\u00e7\u00e3o vari\u00e1vel e OptiEdge para reduzir a espessura da borda e selecionar curvas de lente mais planas de acordo com a prescri\u00e7\u00e3o. Lentes finas e leves s\u00e3o importantes para<br \/>\npequenas arma\u00e7\u00f5es para crian\u00e7as. Um prisma prescrito bloqueado ou surfacado pode ser adicionado, se necess\u00e1rio.<\/p>\n<p>&nbsp;<\/p>\n","protected":false},"featured_media":2569,"template":"","product-category":[55,62,67],"acf":[],"_links":{"self":[{"href":"https:\/\/crossbowsoptical.com\/pt-br\/wp-json\/wp\/v2\/product\/2103"}],"collection":[{"href":"https:\/\/crossbowsoptical.com\/pt-br\/wp-json\/wp\/v2\/product"}],"about":[{"href":"https:\/\/crossbowsoptical.com\/pt-br\/wp-json\/wp\/v2\/types\/product"}],"wp:featuredmedia":[{"embeddable":true,"href":"https:\/\/crossbowsoptical.com\/pt-br\/wp-json\/wp\/v2\/media\/2569"}],"wp:attachment":[{"href":"https:\/\/crossbowsoptical.com\/pt-br\/wp-json\/wp\/v2\/media?parent=2103"}],"wp:term":[{"taxonomy":"product-category","embeddable":true,"href":"https:\/\/crossbowsoptical.com\/pt-br\/wp-json\/wp\/v2\/product-category?post=2103"}],"curies":[{"name":"wp","href":"https:\/\/api.w.org\/{rel}","templated":true}]}}