{"id":2071,"date":"2019-11-29T09:03:13","date_gmt":"2019-11-29T09:03:13","guid":{"rendered":"http:\/\/crossbowsoptical.blue2web.co.uk\/products\/custom-basic-soft\/"},"modified":"2021-04-06T10:46:32","modified_gmt":"2021-04-06T10:46:32","slug":"custom-all-purpose","status":"publish","type":"product","link":"https:\/\/crossbowsoptical.com\/pt-br\/products\/custom-all-purpose\/","title":{"rendered":"Custom All Purpose"},"content":{"rendered":"<p>O desenho All Purpose \u00e9 o nosso n\u00edvel de entrada de progressivos FreeForm, fornecendo ao usu\u00e1rio uma vis\u00e3o s\u00f3lida de todos os requisitos; dist\u00e2ncia, intermedi\u00e1rio, leitura e \u00e9 uma solu\u00e7\u00e3o \u00f3ptica conveniente.<\/p>\n<p>Nosso desenho mais popular ficou ainda melhor com a adi\u00e7\u00e3o de novos recursos, como sele\u00e7\u00e3o sutom\u00e1tica de corredor e Inser\u00e7\u00e3o Vari\u00e1vel.<\/p>\n","protected":false},"featured_media":2553,"template":"","product-category":[48,55],"acf":[],"_links":{"self":[{"href":"https:\/\/crossbowsoptical.com\/pt-br\/wp-json\/wp\/v2\/product\/2071"}],"collection":[{"href":"https:\/\/crossbowsoptical.com\/pt-br\/wp-json\/wp\/v2\/product"}],"about":[{"href":"https:\/\/crossbowsoptical.com\/pt-br\/wp-json\/wp\/v2\/types\/product"}],"wp:featuredmedia":[{"embeddable":true,"href":"https:\/\/crossbowsoptical.com\/pt-br\/wp-json\/wp\/v2\/media\/2553"}],"wp:attachment":[{"href":"https:\/\/crossbowsoptical.com\/pt-br\/wp-json\/wp\/v2\/media?parent=2071"}],"wp:term":[{"taxonomy":"product-category","embeddable":true,"href":"https:\/\/crossbowsoptical.com\/pt-br\/wp-json\/wp\/v2\/product-category?post=2071"}],"curies":[{"name":"wp","href":"https:\/\/api.w.org\/{rel}","templated":true}]}}