{"id":2065,"date":"2019-11-26T14:58:55","date_gmt":"2019-11-26T14:58:55","guid":{"rendered":"http:\/\/crossbowsoptical.blue2web.co.uk\/products\/custom-u-soft\/"},"modified":"2021-04-06T10:49:02","modified_gmt":"2021-04-06T10:49:02","slug":"custom-dynamic","status":"publish","type":"product","link":"https:\/\/crossbowsoptical.com\/pt-br\/products\/custom-dynamic\/","title":{"rendered":"Custom Dynamic"},"content":{"rendered":"<p>Um design completamente NOVO: o design superconfort\u00e1vel da Custom Dynamic usa tecnologias EyeView e EyePower din\u00e2micas para criar um experi\u00eancia de visualiza\u00e7\u00e3o personalizada que \u00e9 consistente em toda a superf\u00edcie das lentes.<\/p>\n<p>O design inerentemente natural do CustomFORM oferece excelente conforto ao paciente com o design Dynamic. Com uma ampla gama de corredores e um sele\u00e7\u00e3o autom\u00e1tica, Dynamic oferece a melhor lente escolhida<br \/>\npara requisitos individuais.<\/p>\n<p>Custom Dynamic tem um baixo astigmatismo geral.<\/p>\n","protected":false},"featured_media":2563,"template":"","product-category":[48,51,52,55],"acf":[],"_links":{"self":[{"href":"https:\/\/crossbowsoptical.com\/pt-br\/wp-json\/wp\/v2\/product\/2065"}],"collection":[{"href":"https:\/\/crossbowsoptical.com\/pt-br\/wp-json\/wp\/v2\/product"}],"about":[{"href":"https:\/\/crossbowsoptical.com\/pt-br\/wp-json\/wp\/v2\/types\/product"}],"wp:featuredmedia":[{"embeddable":true,"href":"https:\/\/crossbowsoptical.com\/pt-br\/wp-json\/wp\/v2\/media\/2563"}],"wp:attachment":[{"href":"https:\/\/crossbowsoptical.com\/pt-br\/wp-json\/wp\/v2\/media?parent=2065"}],"wp:term":[{"taxonomy":"product-category","embeddable":true,"href":"https:\/\/crossbowsoptical.com\/pt-br\/wp-json\/wp\/v2\/product-category?post=2065"}],"curies":[{"name":"wp","href":"https:\/\/api.w.org\/{rel}","templated":true}]}}