{"id":2046,"date":"2019-10-19T13:17:08","date_gmt":"2019-10-19T13:17:08","guid":{"rendered":"http:\/\/crossbowsoptical.blue2web.co.uk\/products\/custom-v-wide\/"},"modified":"2021-04-06T10:20:18","modified_gmt":"2021-04-06T10:20:18","slug":"custom-delux","status":"publish","type":"product","link":"https:\/\/crossbowsoptical.com\/pt-br\/products\/custom-delux\/","title":{"rendered":"Custom Delux"},"content":{"rendered":"<p>Custom Delux integra perfeitamente todas as tecnologias l\u00edderes de Crossbows para criar a melhor experi\u00eancia de visualiza\u00e7\u00e3o para cada paciente.<\/p>\n<p>Delux, nosso design premium para o usu\u00e1rio exigente, foi criado usando nosso sistema de design patenteado &#8220;Smooth Optics&#8221; &#8220;. Esta abordagem radical<br \/>\nreverteu o processo de design normal e permitiu projetar Delux desde o in\u00edcio com um perfil de pot\u00eancia m\u00e9dia muito suave, minimizando assim<br \/>\nefeitos de tontura e distor\u00e7\u00e3o e oferece excelente conforto e velocidade ao paciente adapta\u00e7\u00e3o. O design tamb\u00e9m possui excelente equil\u00edbrio binocular.<\/p>\n","protected":false},"featured_media":2562,"template":"","product-category":[48,51,52,55,67],"acf":[],"_links":{"self":[{"href":"https:\/\/crossbowsoptical.com\/pt-br\/wp-json\/wp\/v2\/product\/2046"}],"collection":[{"href":"https:\/\/crossbowsoptical.com\/pt-br\/wp-json\/wp\/v2\/product"}],"about":[{"href":"https:\/\/crossbowsoptical.com\/pt-br\/wp-json\/wp\/v2\/types\/product"}],"wp:featuredmedia":[{"embeddable":true,"href":"https:\/\/crossbowsoptical.com\/pt-br\/wp-json\/wp\/v2\/media\/2562"}],"wp:attachment":[{"href":"https:\/\/crossbowsoptical.com\/pt-br\/wp-json\/wp\/v2\/media?parent=2046"}],"wp:term":[{"taxonomy":"product-category","embeddable":true,"href":"https:\/\/crossbowsoptical.com\/pt-br\/wp-json\/wp\/v2\/product-category?post=2046"}],"curies":[{"name":"wp","href":"https:\/\/api.w.org\/{rel}","templated":true}]}}