{"id":1980,"date":"2019-10-31T10:18:20","date_gmt":"2019-10-31T10:18:20","guid":{"rendered":"http:\/\/crossbowsoptical.blue2web.co.uk\/metal-inserts\/"},"modified":"2022-02-02T10:43:10","modified_gmt":"2022-02-02T10:43:10","slug":"insercoes-metalicas","status":"publish","type":"page","link":"https:\/\/crossbowsoptical.com\/pt-br\/insercoes-metalicas\/","title":{"rendered":"inser\u00e7\u00f5es met\u00e1licas"},"content":{"rendered":"<p>Temos uma experi\u00eancia incompar\u00e1vel em insertos de metal de precis\u00e3o para lentes de policarbonato. Fornecendo os melhores desenhos progressivos, inser\u00e7\u00f5es esf\u00e9ricas, asf\u00e9ricas e at\u00f4micas de vis\u00e3o simples<\/p>\n","protected":false},"excerpt":{"rendered":"<p>Temos uma experi\u00eancia incompar\u00e1vel em insertos de metal de precis\u00e3o para lentes de policarbonato. Fornecendo os melhores desenhos progressivos, inser\u00e7\u00f5es esf\u00e9ricas, asf\u00e9ricas e at\u00f4micas de vis\u00e3o simples<\/p>\n","protected":false},"author":1,"featured_media":822,"parent":0,"menu_order":0,"comment_status":"closed","ping_status":"closed","template":"","meta":[],"acf":[],"_links":{"self":[{"href":"https:\/\/crossbowsoptical.com\/pt-br\/wp-json\/wp\/v2\/pages\/1980"}],"collection":[{"href":"https:\/\/crossbowsoptical.com\/pt-br\/wp-json\/wp\/v2\/pages"}],"about":[{"href":"https:\/\/crossbowsoptical.com\/pt-br\/wp-json\/wp\/v2\/types\/page"}],"author":[{"embeddable":true,"href":"https:\/\/crossbowsoptical.com\/pt-br\/wp-json\/wp\/v2\/users\/1"}],"replies":[{"embeddable":true,"href":"https:\/\/crossbowsoptical.com\/pt-br\/wp-json\/wp\/v2\/comments?post=1980"}],"version-history":[{"count":5,"href":"https:\/\/crossbowsoptical.com\/pt-br\/wp-json\/wp\/v2\/pages\/1980\/revisions"}],"predecessor-version":[{"id":3510,"href":"https:\/\/crossbowsoptical.com\/pt-br\/wp-json\/wp\/v2\/pages\/1980\/revisions\/3510"}],"wp:featuredmedia":[{"embeddable":true,"href":"https:\/\/crossbowsoptical.com\/pt-br\/wp-json\/wp\/v2\/media\/822"}],"wp:attachment":[{"href":"https:\/\/crossbowsoptical.com\/pt-br\/wp-json\/wp\/v2\/media?parent=1980"}],"curies":[{"name":"wp","href":"https:\/\/api.w.org\/{rel}","templated":true}]}}