{"id":1839,"date":"2019-10-31T10:19:11","date_gmt":"2019-10-31T10:19:11","guid":{"rendered":"http:\/\/crossbowsoptical.blue2web.co.uk\/innovative-technology\/"},"modified":"2021-04-06T13:23:56","modified_gmt":"2021-04-06T13:23:56","slug":"tecnologias-embarcadas","status":"publish","type":"page","link":"https:\/\/crossbowsoptical.com\/pt-br\/tecnologias-embarcadas\/","title":{"rendered":"Tecnologias Embarcadas"},"content":{"rendered":"<p>Compreendemos a import\u00e2ncia da evolu\u00e7\u00e3o e nos esfor\u00e7amos constantemente para melhorar nossa plataforma inovadora, permitindo que voc\u00ea crie lentes excepcionais. Nunca ficamos parados e, nos \u00faltimos 30 anos, nossa pesquisa e desenvolvimento dedicados resultaram em um design de lente progressiva como nenhum outro.<\/p>\n","protected":false},"excerpt":{"rendered":"<p>Compreendemos a import\u00e2ncia da evolu\u00e7\u00e3o e nos esfor\u00e7amos constantemente para melhorar nossa plataforma inovadora, permitindo que voc\u00ea crie lentes excepcionais. Nunca ficamos parados e, nos \u00faltimos 30 anos, nossa pesquisa e desenvolvimento dedicados resultaram em um design de lente progressiva como nenhum outro.<\/p>\n","protected":false},"author":1,"featured_media":2552,"parent":0,"menu_order":0,"comment_status":"closed","ping_status":"closed","template":"","meta":[],"acf":[],"_links":{"self":[{"href":"https:\/\/crossbowsoptical.com\/pt-br\/wp-json\/wp\/v2\/pages\/1839"}],"collection":[{"href":"https:\/\/crossbowsoptical.com\/pt-br\/wp-json\/wp\/v2\/pages"}],"about":[{"href":"https:\/\/crossbowsoptical.com\/pt-br\/wp-json\/wp\/v2\/types\/page"}],"author":[{"embeddable":true,"href":"https:\/\/crossbowsoptical.com\/pt-br\/wp-json\/wp\/v2\/users\/1"}],"replies":[{"embeddable":true,"href":"https:\/\/crossbowsoptical.com\/pt-br\/wp-json\/wp\/v2\/comments?post=1839"}],"version-history":[{"count":6,"href":"https:\/\/crossbowsoptical.com\/pt-br\/wp-json\/wp\/v2\/pages\/1839\/revisions"}],"predecessor-version":[{"id":2735,"href":"https:\/\/crossbowsoptical.com\/pt-br\/wp-json\/wp\/v2\/pages\/1839\/revisions\/2735"}],"wp:featuredmedia":[{"embeddable":true,"href":"https:\/\/crossbowsoptical.com\/pt-br\/wp-json\/wp\/v2\/media\/2552"}],"wp:attachment":[{"href":"https:\/\/crossbowsoptical.com\/pt-br\/wp-json\/wp\/v2\/media?parent=1839"}],"curies":[{"name":"wp","href":"https:\/\/api.w.org\/{rel}","templated":true}]}}