{"id":2751,"date":"2021-06-17T10:42:18","date_gmt":"2021-06-17T10:42:18","guid":{"rendered":"https:\/\/crossbowsoptical.com\/?post_type=product&#038;p=2751"},"modified":"2021-06-17T11:41:56","modified_gmt":"2021-06-17T11:41:56","slug":"custom-professional-2-0","status":"publish","type":"product","link":"https:\/\/crossbowsoptical.com\/es\/products\/custom-professional-2-0\/","title":{"rendered":"Custom Professional 2.0"},"content":{"rendered":"<p>Custom Professional 2.0 es una lente ocupacional que permite la libre elecci\u00f3n de la visi\u00f3n de lejos hasta 6 m (establecida por default), dejando abierta la opci\u00f3n de equilibrio entre una excelente visi\u00f3n de cerca y el rango de visi\u00f3n de lejos.<\/p>\n<p>Al aportar flexibilidad a la gama de lentes ocupacionales, FlexiView brinda el poder de definir la visi\u00f3n a distancia ofreciendo una opci\u00f3n de distancia de visualizaci\u00f3n m\u00e1xima que var\u00eda entre 0,5 y 6 m. Con una distancia de trabajo predeterminada de 6 m, Custom Professional 2.0 complementa la gama de lentes ocupacionales y de oficina al ofrecer una lente para trabajador remoto, las principales ventajas de un dise\u00f1o de oficina sin obstaculizar la visi\u00f3n en interiores para ayudar a administrar otras tareas dom\u00e9sticas.<\/p>\n<p>Caracter\u00edsticas Adicionales<br \/>\n&gt; FlexiView<br \/>\n&gt; Digi HD View<br \/>\n&gt; Descentraci\u00f3n Variable<br \/>\n&gt; OptiEdge<br \/>\n&gt; OptiPrism<\/p>\n","protected":false},"featured_media":2574,"template":"","product-category":[54,66],"acf":[],"_links":{"self":[{"href":"https:\/\/crossbowsoptical.com\/es\/wp-json\/wp\/v2\/product\/2751"}],"collection":[{"href":"https:\/\/crossbowsoptical.com\/es\/wp-json\/wp\/v2\/product"}],"about":[{"href":"https:\/\/crossbowsoptical.com\/es\/wp-json\/wp\/v2\/types\/product"}],"wp:featuredmedia":[{"embeddable":true,"href":"https:\/\/crossbowsoptical.com\/es\/wp-json\/wp\/v2\/media\/2574"}],"wp:attachment":[{"href":"https:\/\/crossbowsoptical.com\/es\/wp-json\/wp\/v2\/media?parent=2751"}],"wp:term":[{"taxonomy":"product-category","embeddable":true,"href":"https:\/\/crossbowsoptical.com\/es\/wp-json\/wp\/v2\/product-category?post=2751"}],"curies":[{"name":"wp","href":"https:\/\/api.w.org\/{rel}","templated":true}]}}