{"id":2244,"date":"2019-10-19T13:17:08","date_gmt":"2019-10-19T13:17:08","guid":{"rendered":"http:\/\/crossbowsoptical.blue2web.co.uk\/products\/custom-v-hard-2\/"},"modified":"2020-02-10T14:47:49","modified_gmt":"2020-02-10T14:47:49","slug":"custom-v-hard-2","status":"publish","type":"product","link":"https:\/\/crossbowsoptical.com\/es\/products\/custom-v-hard-2\/","title":{"rendered":"Custom V+ Glass Lenses"},"content":{"rendered":"<p>El dise\u00f1o progresivo premium Custom V + fue creado utilizando nuestro sistema de dise\u00f1o patentado &#8220;Smooth Optics&#8221;. Este enfoque radical revierte el proceso de dise\u00f1o normal y ha permitido que Custom V + se dise\u00f1e desde el principio con un perfil de potencia media muy suave, minimizando as\u00ed los efectos de mareo o &#8220;ver debajo del agua&#8221; proporcionando una excelente comodidad para el paciente y una r\u00e1pida adaptaci\u00f3n. El dise\u00f1o tambi\u00e9n tiene un excelente equilibrio binocular.<\/p>\n<p>La tecnolog\u00eda Digital EyeView est\u00e1 integrada para campos de visi\u00f3n m\u00e1s amplios y la longitud del corredor se selecciona por computadora con las medidas de ajuste facial y las especificaciones del armaz\u00f3n del paciente.<\/p>\n<p>Digital EyePower completa las innovaciones tecnol\u00f3gicas integradas en Custom V + y es una extensi\u00f3n de los principios de Digital EyeView. EyePower utiliza la distancia del v\u00e9rtice posterior de un individuo, la inclinaci\u00f3n pantosc\u00f3pica y el \u00e1ngulo panor\u00e1mico para ajustar la esfera, el cilindro y el eje de la prescripci\u00f3n para brindar la mejor condici\u00f3n posible de uso.<\/p>\n<p>&nbsp;<\/p>\n","protected":false},"featured_media":0,"template":"","product-category":[],"acf":[],"_links":{"self":[{"href":"https:\/\/crossbowsoptical.com\/es\/wp-json\/wp\/v2\/product\/2244"}],"collection":[{"href":"https:\/\/crossbowsoptical.com\/es\/wp-json\/wp\/v2\/product"}],"about":[{"href":"https:\/\/crossbowsoptical.com\/es\/wp-json\/wp\/v2\/types\/product"}],"wp:attachment":[{"href":"https:\/\/crossbowsoptical.com\/es\/wp-json\/wp\/v2\/media?parent=2244"}],"wp:term":[{"taxonomy":"product-category","embeddable":true,"href":"https:\/\/crossbowsoptical.com\/es\/wp-json\/wp\/v2\/product-category?post=2244"}],"curies":[{"name":"wp","href":"https:\/\/api.w.org\/{rel}","templated":true}]}}