{"id":2238,"date":"2019-12-12T15:30:22","date_gmt":"2019-12-12T15:30:22","guid":{"rendered":"http:\/\/crossbowsoptical.blue2web.co.uk\/products\/preview\/"},"modified":"2020-02-10T14:21:52","modified_gmt":"2020-02-10T14:21:52","slug":"preview","status":"publish","type":"product","link":"https:\/\/crossbowsoptical.com\/es\/products\/preview\/","title":{"rendered":"Preview"},"content":{"rendered":"<p>Dise\u00f1ado utilizando el sistema Smooth Optics que invierte el proceso de dise\u00f1o normal y permite que el dise\u00f1o Preview se dise\u00f1e desde el principio con un perfil de potencia media muy suave.<\/p>\n<p>Efectos de mareo y &#8220;ver debajo del agua&#8221; m\u00ednimos, excelente comodidad para el paciente y r\u00e1pida adaptaci\u00f3n.<\/p>\n","protected":false},"featured_media":608,"template":"","product-category":[],"acf":[],"_links":{"self":[{"href":"https:\/\/crossbowsoptical.com\/es\/wp-json\/wp\/v2\/product\/2238"}],"collection":[{"href":"https:\/\/crossbowsoptical.com\/es\/wp-json\/wp\/v2\/product"}],"about":[{"href":"https:\/\/crossbowsoptical.com\/es\/wp-json\/wp\/v2\/types\/product"}],"wp:featuredmedia":[{"embeddable":true,"href":"https:\/\/crossbowsoptical.com\/es\/wp-json\/wp\/v2\/media\/608"}],"wp:attachment":[{"href":"https:\/\/crossbowsoptical.com\/es\/wp-json\/wp\/v2\/media?parent=2238"}],"wp:term":[{"taxonomy":"product-category","embeddable":true,"href":"https:\/\/crossbowsoptical.com\/es\/wp-json\/wp\/v2\/product-category?post=2238"}],"curies":[{"name":"wp","href":"https:\/\/api.w.org\/{rel}","templated":true}]}}