{"id":2227,"date":"2019-12-16T09:22:53","date_gmt":"2019-12-16T09:22:53","guid":{"rendered":"http:\/\/crossbowsoptical.blue2web.co.uk\/products\/computereyes\/"},"modified":"2020-02-10T14:09:27","modified_gmt":"2020-02-10T14:09:27","slug":"computereyes","status":"publish","type":"product","link":"https:\/\/crossbowsoptical.com\/es\/products\/computereyes\/","title":{"rendered":"ComputerEyes"},"content":{"rendered":"<p>Nuestros dise\u00f1os ComputerEyes se utilizan principalmente en entornos de oficina. No es un dise\u00f1o progresivo tradicional, sino que es una alternativa a una lente de lectura, que proporciona una visi\u00f3n clara para la lectura y la visi\u00f3n intermedia. La amplia gama de potencias din\u00e1micas permite la elecci\u00f3n ideal para todas las adiciones de lectura hasta 3.00D y se beneficia de la lectura totalmente corregida, visi\u00f3n intermedia y visi\u00f3n de distancia maximizada. El dise\u00f1o reduce la tensi\u00f3n ocular y cervical asociada con el uso a largo plazo de las computadoras.<\/p>\n","protected":false},"featured_media":643,"template":"","product-category":[],"acf":[],"_links":{"self":[{"href":"https:\/\/crossbowsoptical.com\/es\/wp-json\/wp\/v2\/product\/2227"}],"collection":[{"href":"https:\/\/crossbowsoptical.com\/es\/wp-json\/wp\/v2\/product"}],"about":[{"href":"https:\/\/crossbowsoptical.com\/es\/wp-json\/wp\/v2\/types\/product"}],"wp:featuredmedia":[{"embeddable":true,"href":"https:\/\/crossbowsoptical.com\/es\/wp-json\/wp\/v2\/media\/643"}],"wp:attachment":[{"href":"https:\/\/crossbowsoptical.com\/es\/wp-json\/wp\/v2\/media?parent=2227"}],"wp:term":[{"taxonomy":"product-category","embeddable":true,"href":"https:\/\/crossbowsoptical.com\/es\/wp-json\/wp\/v2\/product-category?post=2227"}],"curies":[{"name":"wp","href":"https:\/\/api.w.org\/{rel}","templated":true}]}}