{"id":2222,"date":"2019-12-16T10:06:15","date_gmt":"2019-12-16T10:06:15","guid":{"rendered":"http:\/\/crossbowsoptical.blue2web.co.uk\/products\/petite-junior\/"},"modified":"2020-02-10T14:01:31","modified_gmt":"2020-02-10T14:01:31","slug":"petite-junior","status":"publish","type":"product","link":"https:\/\/crossbowsoptical.com\/es\/products\/petite-junior\/","title":{"rendered":"Petite Junior"},"content":{"rendered":"<p>El progresivo Petite Junior est\u00e1 dise\u00f1ado espec\u00edficamente para ayudar a reducir la progresi\u00f3n de miop\u00eda en j\u00f3venes de entre 8 y 16 a\u00f1os. El dise\u00f1o ofrece una gran \u00e1rea de lectura estable combinada con una excelente claridad perif\u00e9rica en la zona de distancia.<\/p>\n","protected":false},"featured_media":648,"template":"","product-category":[],"acf":[],"_links":{"self":[{"href":"https:\/\/crossbowsoptical.com\/es\/wp-json\/wp\/v2\/product\/2222"}],"collection":[{"href":"https:\/\/crossbowsoptical.com\/es\/wp-json\/wp\/v2\/product"}],"about":[{"href":"https:\/\/crossbowsoptical.com\/es\/wp-json\/wp\/v2\/types\/product"}],"wp:featuredmedia":[{"embeddable":true,"href":"https:\/\/crossbowsoptical.com\/es\/wp-json\/wp\/v2\/media\/648"}],"wp:attachment":[{"href":"https:\/\/crossbowsoptical.com\/es\/wp-json\/wp\/v2\/media?parent=2222"}],"wp:term":[{"taxonomy":"product-category","embeddable":true,"href":"https:\/\/crossbowsoptical.com\/es\/wp-json\/wp\/v2\/product-category?post=2222"}],"curies":[{"name":"wp","href":"https:\/\/api.w.org\/{rel}","templated":true}]}}