{"id":2217,"date":"2019-12-18T14:21:31","date_gmt":"2019-12-18T14:21:31","guid":{"rendered":"http:\/\/crossbowsoptical.blue2web.co.uk\/products\/crossbows-relax-2\/"},"modified":"2020-02-10T13:34:31","modified_gmt":"2020-02-10T13:34:31","slug":"crossbows-relax-2","status":"publish","type":"product","link":"https:\/\/crossbowsoptical.com\/es\/products\/crossbows-relax-2\/","title":{"rendered":"Relax"},"content":{"rendered":"<p>El dise\u00f1o Relax es un dise\u00f1o progresivo para personas que no son pr\u00e9sbitas. Evita que los ojos del paciente se cansen y se esfuercen si pasan gran parte del d\u00eda enfocando a la misma distancia, por ejemplo usando una computadora. El dise\u00f1o coincide con la prescripci\u00f3n de distancia del paciente y brinda algo de ayuda a los ojos a medida que se enfocan en la visi\u00f3n intermedia y cercana. Est\u00e1 disponible en dos formas; Relax I tiene una adici\u00f3n de 0.66D, Relax II tiene una adici\u00f3n de 1.00D<\/p>\n<ul>\n<li>Dise\u00f1o muy suave con muy baja distorsi\u00f3n.<\/li>\n<li>\u00c1rea de distorsi\u00f3n a distancia y corredor libres<\/li>\n<li>Dise\u00f1os individuales para ojos izquierdo y derecho.<\/li>\n<li>Longitud de corredor de 14 mm a potencia de adici\u00f3n total<\/li>\n<li>Moldes disponibles para cualquier \u00edndice de material de lente<\/li>\n<li>Moldes disponibles en cualquier curva base<\/li>\n<\/ul>\n<p>&nbsp;<\/p>\n","protected":false},"featured_media":689,"template":"","product-category":[],"acf":[],"_links":{"self":[{"href":"https:\/\/crossbowsoptical.com\/es\/wp-json\/wp\/v2\/product\/2217"}],"collection":[{"href":"https:\/\/crossbowsoptical.com\/es\/wp-json\/wp\/v2\/product"}],"about":[{"href":"https:\/\/crossbowsoptical.com\/es\/wp-json\/wp\/v2\/types\/product"}],"wp:featuredmedia":[{"embeddable":true,"href":"https:\/\/crossbowsoptical.com\/es\/wp-json\/wp\/v2\/media\/689"}],"wp:attachment":[{"href":"https:\/\/crossbowsoptical.com\/es\/wp-json\/wp\/v2\/media?parent=2217"}],"wp:term":[{"taxonomy":"product-category","embeddable":true,"href":"https:\/\/crossbowsoptical.com\/es\/wp-json\/wp\/v2\/product-category?post=2217"}],"curies":[{"name":"wp","href":"https:\/\/api.w.org\/{rel}","templated":true}]}}