{"id":2210,"date":"2019-11-29T15:10:05","date_gmt":"2019-11-29T15:10:05","guid":{"rendered":"http:\/\/crossbowsoptical.blue2web.co.uk\/products\/crossbows-blended-bifocal\/"},"modified":"2020-02-10T13:26:09","modified_gmt":"2020-02-10T13:26:09","slug":"crossbows-blended-bifocal","status":"publish","type":"product","link":"https:\/\/crossbowsoptical.com\/es\/products\/crossbows-blended-bifocal\/","title":{"rendered":"Crossbows Blended Bifocal"},"content":{"rendered":"<p>\u00a1El dise\u00f1o bifocal personalizado elimina la l\u00edneas o segmentos reveladores que se encuentra en los bifocales fundidos!<\/p>\n<p>Permite elegir el di\u00e1metro del segmento, la posici\u00f3n del segmento y el ancho de la regi\u00f3n combinada de transici\u00f3n .<\/p>\n","protected":false},"featured_media":463,"template":"","product-category":[],"acf":[],"_links":{"self":[{"href":"https:\/\/crossbowsoptical.com\/es\/wp-json\/wp\/v2\/product\/2210"}],"collection":[{"href":"https:\/\/crossbowsoptical.com\/es\/wp-json\/wp\/v2\/product"}],"about":[{"href":"https:\/\/crossbowsoptical.com\/es\/wp-json\/wp\/v2\/types\/product"}],"wp:featuredmedia":[{"embeddable":true,"href":"https:\/\/crossbowsoptical.com\/es\/wp-json\/wp\/v2\/media\/463"}],"wp:attachment":[{"href":"https:\/\/crossbowsoptical.com\/es\/wp-json\/wp\/v2\/media?parent=2210"}],"wp:term":[{"taxonomy":"product-category","embeddable":true,"href":"https:\/\/crossbowsoptical.com\/es\/wp-json\/wp\/v2\/product-category?post=2210"}],"curies":[{"name":"wp","href":"https:\/\/api.w.org\/{rel}","templated":true}]}}