{"id":2189,"date":"2019-12-16T09:22:53","date_gmt":"2019-12-16T09:22:53","guid":{"rendered":"http:\/\/crossbowsoptical.blue2web.co.uk\/products\/crossbows-computereyes\/"},"modified":"2020-02-10T13:00:34","modified_gmt":"2020-02-10T13:00:34","slug":"crossbows-computereyes","status":"publish","type":"product","link":"https:\/\/crossbowsoptical.com\/es\/products\/crossbows-computereyes\/","title":{"rendered":"Crossbows ComputerEyes"},"content":{"rendered":"<p>Nuestros dise\u00f1os ComputerEyes se utilizan principalmente en entornos de oficina y son excelentes lentes para usar mientras se trabaja en tareas que requieren visi\u00f3n cercana e intermedia.<\/p>\n<p>No es un dise\u00f1o progresivo tradicional, sino que es una alternativa a una lente de lectura, que proporciona una visi\u00f3n clara para la lectura y la visi\u00f3n intermedia. La amplia gama de potencias din\u00e1micas permite la elecci\u00f3n ideal para todas las adiciones de lectura hasta 3.00D y se beneficia de la lectura totalmente corregida, visi\u00f3n intermedia y visi\u00f3n de distancia maximizada. El dise\u00f1o reduce la tensi\u00f3n ocular y cervical asociada con el uso a largo plazo de las computadoras.<\/p>\n","protected":false},"featured_media":644,"template":"","product-category":[],"acf":[],"_links":{"self":[{"href":"https:\/\/crossbowsoptical.com\/es\/wp-json\/wp\/v2\/product\/2189"}],"collection":[{"href":"https:\/\/crossbowsoptical.com\/es\/wp-json\/wp\/v2\/product"}],"about":[{"href":"https:\/\/crossbowsoptical.com\/es\/wp-json\/wp\/v2\/types\/product"}],"wp:featuredmedia":[{"embeddable":true,"href":"https:\/\/crossbowsoptical.com\/es\/wp-json\/wp\/v2\/media\/644"}],"wp:attachment":[{"href":"https:\/\/crossbowsoptical.com\/es\/wp-json\/wp\/v2\/media?parent=2189"}],"wp:term":[{"taxonomy":"product-category","embeddable":true,"href":"https:\/\/crossbowsoptical.com\/es\/wp-json\/wp\/v2\/product-category?post=2189"}],"curies":[{"name":"wp","href":"https:\/\/api.w.org\/{rel}","templated":true}]}}