{"id":2181,"date":"2019-12-13T14:04:24","date_gmt":"2019-12-13T14:04:24","guid":{"rendered":"http:\/\/crossbowsoptical.blue2web.co.uk\/products\/crossbows-preview-short\/"},"modified":"2020-02-10T12:30:14","modified_gmt":"2020-02-10T12:30:14","slug":"crossbows-preview-short","status":"publish","type":"product","link":"https:\/\/crossbowsoptical.com\/es\/products\/crossbows-preview-short\/","title":{"rendered":"Crossbows Preview Short"},"content":{"rendered":"<p>Como parte de la gama Preview, Preview Short ha sido dise\u00f1ado utilizando el \u00faltimo sistema de dise\u00f1o &#8220;Smooth Optics&#8221; de Crossbows. Este enfoque radical revierte el proceso de dise\u00f1o normal y ha permitido que Preview Short se dise\u00f1e desde el principio con un perfil de potencia media muy suave, minimizando as\u00ed los efectos de mareo o &#8220;ver debajo del agua&#8221;, proporcionando una excelente comodidad para el paciente, una adaptaci\u00f3n r\u00e1pida e incluso beneficios de tener un corredor corto.<\/p>\n<ul>\n<li>Tecnolog\u00eda de dise\u00f1o &#8220;Smooth Optics&#8221;<\/li>\n<li>Dise\u00f1o de corredor corto<\/li>\n<li>Distribuci\u00f3n de potencia media suave<\/li>\n<li>Dise\u00f1o suave con baja distorsi\u00f3n.<\/li>\n<li>Area de distorsi\u00f3n libre en visi\u00f3n lejana y corredor<\/li>\n<li>Longitud del corredor de 13 mm a potencia de adici\u00f3n total<\/li>\n<li>Moldes disponibles para cualquier \u00edndice de material de lente<\/li>\n<li>Moldes disponibles en cualquier curva base<\/li>\n<\/ul>\n","protected":false},"featured_media":627,"template":"","product-category":[],"acf":[],"_links":{"self":[{"href":"https:\/\/crossbowsoptical.com\/es\/wp-json\/wp\/v2\/product\/2181"}],"collection":[{"href":"https:\/\/crossbowsoptical.com\/es\/wp-json\/wp\/v2\/product"}],"about":[{"href":"https:\/\/crossbowsoptical.com\/es\/wp-json\/wp\/v2\/types\/product"}],"wp:featuredmedia":[{"embeddable":true,"href":"https:\/\/crossbowsoptical.com\/es\/wp-json\/wp\/v2\/media\/627"}],"wp:attachment":[{"href":"https:\/\/crossbowsoptical.com\/es\/wp-json\/wp\/v2\/media?parent=2181"}],"wp:term":[{"taxonomy":"product-category","embeddable":true,"href":"https:\/\/crossbowsoptical.com\/es\/wp-json\/wp\/v2\/product-category?post=2181"}],"curies":[{"name":"wp","href":"https:\/\/api.w.org\/{rel}","templated":true}]}}