{"id":2174,"date":"2019-12-12T15:30:22","date_gmt":"2019-12-12T15:30:22","guid":{"rendered":"http:\/\/crossbowsoptical.blue2web.co.uk\/products\/crossbows-preview\/"},"modified":"2020-02-10T12:20:13","modified_gmt":"2020-02-10T12:20:13","slug":"crossbows-preview","status":"publish","type":"product","link":"https:\/\/crossbowsoptical.com\/es\/products\/crossbows-preview\/","title":{"rendered":"Crossbows Preview"},"content":{"rendered":"<p>Dise\u00f1ado utilizando el sistema Smooth Optics que invierte el proceso de dise\u00f1o normal y permite que el Preview se dise\u00f1e desde el principio con un perfil de potencia media muy suave.<\/p>\n<p>Efectos de mareo o &#8220;ver debajo del agua&#8221; m\u00ednimos, excelente comodidad para el paciente y r\u00e1pida adaptaci\u00f3n.<\/p>\n","protected":false},"featured_media":608,"template":"","product-category":[],"acf":[],"_links":{"self":[{"href":"https:\/\/crossbowsoptical.com\/es\/wp-json\/wp\/v2\/product\/2174"}],"collection":[{"href":"https:\/\/crossbowsoptical.com\/es\/wp-json\/wp\/v2\/product"}],"about":[{"href":"https:\/\/crossbowsoptical.com\/es\/wp-json\/wp\/v2\/types\/product"}],"wp:featuredmedia":[{"embeddable":true,"href":"https:\/\/crossbowsoptical.com\/es\/wp-json\/wp\/v2\/media\/608"}],"wp:attachment":[{"href":"https:\/\/crossbowsoptical.com\/es\/wp-json\/wp\/v2\/media?parent=2174"}],"wp:term":[{"taxonomy":"product-category","embeddable":true,"href":"https:\/\/crossbowsoptical.com\/es\/wp-json\/wp\/v2\/product-category?post=2174"}],"curies":[{"name":"wp","href":"https:\/\/api.w.org\/{rel}","templated":true}]}}