{"id":2148,"date":"2019-11-29T15:37:55","date_gmt":"2019-11-29T15:37:55","guid":{"rendered":"http:\/\/crossbowsoptical.blue2web.co.uk\/products\/custom-single-vision\/"},"modified":"2021-06-17T13:13:59","modified_gmt":"2021-06-17T13:13:59","slug":"custom-sport-sv","status":"publish","type":"product","link":"https:\/\/crossbowsoptical.com\/es\/products\/custom-sport-sv\/","title":{"rendered":"Custom Sport SV"},"content":{"rendered":"<p>Custom Sport SV es un dise\u00f1o de lente asf\u00e9rico que ofrece un rendimiento visual mejorado para miopes e hiperm\u00e9tropes con una mejor claridad de visi\u00f3n a trav\u00e9s de una reducci\u00f3n de la distorsi\u00f3n perif\u00e9rica.<\/p>\n<p>La tecnolog\u00eda digital FreeForm generalmente se asocia con dise\u00f1os de lentes progresivos, pero las prescripciones monofocales tambi\u00e9n se benefician de este avance. Dado que el centro \u00f3ptico de una lente monofocal tallada es un punto fijo, en las prescripciones positivas y negativas altas pueden resultar campos restringidos de visi\u00f3n n\u00edtida, perfiles poco favorecedores y una gama limitada de opciones de armazones para estos pacientes. La introducci\u00f3n de nuestras tecnolog\u00edas digitales avanzadas EyeView y EyePower resuelve estos problemas tr<\/p>\n","protected":false},"featured_media":2578,"template":"","product-category":[50,53,54,70],"acf":[],"_links":{"self":[{"href":"https:\/\/crossbowsoptical.com\/es\/wp-json\/wp\/v2\/product\/2148"}],"collection":[{"href":"https:\/\/crossbowsoptical.com\/es\/wp-json\/wp\/v2\/product"}],"about":[{"href":"https:\/\/crossbowsoptical.com\/es\/wp-json\/wp\/v2\/types\/product"}],"wp:featuredmedia":[{"embeddable":true,"href":"https:\/\/crossbowsoptical.com\/es\/wp-json\/wp\/v2\/media\/2578"}],"wp:attachment":[{"href":"https:\/\/crossbowsoptical.com\/es\/wp-json\/wp\/v2\/media?parent=2148"}],"wp:term":[{"taxonomy":"product-category","embeddable":true,"href":"https:\/\/crossbowsoptical.com\/es\/wp-json\/wp\/v2\/product-category?post=2148"}],"curies":[{"name":"wp","href":"https:\/\/api.w.org\/{rel}","templated":true}]}}