{"id":2130,"date":"2019-11-29T15:10:05","date_gmt":"2019-11-29T15:10:05","guid":{"rendered":"http:\/\/crossbowsoptical.blue2web.co.uk\/products\/custom-blended-bifocal\/"},"modified":"2021-06-17T13:09:41","modified_gmt":"2021-06-17T13:09:41","slug":"custom-bifocal-invisible","status":"publish","type":"product","link":"https:\/\/crossbowsoptical.com\/es\/products\/custom-bifocal-invisible\/","title":{"rendered":"Custom Bifocal Invisible"},"content":{"rendered":"<p>Muchos pacientes pr\u00e9sbitas todav\u00eda eligen lentes bifocales por sus campos de visi\u00f3n impresionantemente amplios, pero los bifocales tradicionales tienen desventajas inherentes en la transici\u00f3n de la visi\u00f3n de lejos a la de cerca, siendo el problema m\u00e1s obvio una l\u00ednea visible que separa las dos \u00e1reas,<\/p>\n<p>El bifocal invisible personalizado se aplica a la superficie posterior de los lentes monofocales semiterminados, lo que elimina la l\u00ednea o divisi\u00f3n indicadora que se encuentra en los bifocales est\u00e1ndar, al tiempo que proporciona \u00e1reas de lectura y distancia fant\u00e1sticas.<\/p>\n","protected":false},"featured_media":2559,"template":"","product-category":[54,70],"acf":[],"_links":{"self":[{"href":"https:\/\/crossbowsoptical.com\/es\/wp-json\/wp\/v2\/product\/2130"}],"collection":[{"href":"https:\/\/crossbowsoptical.com\/es\/wp-json\/wp\/v2\/product"}],"about":[{"href":"https:\/\/crossbowsoptical.com\/es\/wp-json\/wp\/v2\/types\/product"}],"wp:featuredmedia":[{"embeddable":true,"href":"https:\/\/crossbowsoptical.com\/es\/wp-json\/wp\/v2\/media\/2559"}],"wp:attachment":[{"href":"https:\/\/crossbowsoptical.com\/es\/wp-json\/wp\/v2\/media?parent=2130"}],"wp:term":[{"taxonomy":"product-category","embeddable":true,"href":"https:\/\/crossbowsoptical.com\/es\/wp-json\/wp\/v2\/product-category?post=2130"}],"curies":[{"name":"wp","href":"https:\/\/api.w.org\/{rel}","templated":true}]}}