{"id":2118,"date":"2019-11-29T14:43:10","date_gmt":"2019-11-29T14:43:10","guid":{"rendered":"http:\/\/crossbowsoptical.blue2web.co.uk\/products\/custom-relax-s\/"},"modified":"2021-06-17T12:50:00","modified_gmt":"2021-06-17T12:50:00","slug":"custom-relax-s","status":"publish","type":"product","link":"https:\/\/crossbowsoptical.com\/es\/products\/custom-relax-s\/","title":{"rendered":"Custom Relax 2.0"},"content":{"rendered":"<p>Un dise\u00f1o progresivo para pacientes que no tienen presbicia. Evita que los ojos del paciente se cansan y se tensen si pasan gran parte del tiempo d\u00eda enfoc\u00e1ndose en la misma distancia, como al usar una computadora .<\/p>\n<p>Apoya el enfoque de la visi\u00f3n de cerca al tener una peque\u00f1a cantidad de adici\u00f3n que permite que los ojos usen menos de su acomodaci\u00f3n y por lo tanto permite que el usuario contin\u00fae realizando tareas de visi\u00f3n cercana durante m\u00e1s tiempo sin cansarles la vista .<\/p>\n","protected":false},"featured_media":2572,"template":"","product-category":[53,54,61],"acf":[],"_links":{"self":[{"href":"https:\/\/crossbowsoptical.com\/es\/wp-json\/wp\/v2\/product\/2118"}],"collection":[{"href":"https:\/\/crossbowsoptical.com\/es\/wp-json\/wp\/v2\/product"}],"about":[{"href":"https:\/\/crossbowsoptical.com\/es\/wp-json\/wp\/v2\/types\/product"}],"wp:featuredmedia":[{"embeddable":true,"href":"https:\/\/crossbowsoptical.com\/es\/wp-json\/wp\/v2\/media\/2572"}],"wp:attachment":[{"href":"https:\/\/crossbowsoptical.com\/es\/wp-json\/wp\/v2\/media?parent=2118"}],"wp:term":[{"taxonomy":"product-category","embeddable":true,"href":"https:\/\/crossbowsoptical.com\/es\/wp-json\/wp\/v2\/product-category?post=2118"}],"curies":[{"name":"wp","href":"https:\/\/api.w.org\/{rel}","templated":true}]}}