{"id":2112,"date":"2019-11-29T14:25:56","date_gmt":"2019-11-29T14:25:56","guid":{"rendered":"http:\/\/crossbowsoptical.blue2web.co.uk\/products\/custom-driver\/"},"modified":"2021-06-17T12:25:21","modified_gmt":"2021-06-17T12:25:21","slug":"custom-driver","status":"publish","type":"product","link":"https:\/\/crossbowsoptical.com\/es\/products\/custom-driver\/","title":{"rendered":"Custom Driver"},"content":{"rendered":"<p>Dise\u00f1ado para dar el m\u00e1ximo rendimiento a los conductores frecuentes.<\/p>\n<p>Custom Driver es un dise\u00f1o progresivo que incluye un \u00e1rea de gran distancia para una visi\u00f2n c\u00f3moda desde el parabrisas hasta los espejos laterales. El \u00e1rea intermedia es perfecta para leer los indicadores del tablero de instrumentos y la zona de lectura es amplia para los controles del volante o mapas y direcciones con el brazo extendido.<\/p>\n<p>El dise\u00f1o intr\u00ednsecamente natural de CustomFORM proporciona a los conductores un excelente confort visual.<\/p>\n<p>Caracter\u00edsticas Adicionales<br \/>\n&gt; MaxView<br \/>\n&gt; Descentraci\u00f3n Variable<br \/>\n&gt; OptiEdge<br \/>\n&gt; OptiPrism<\/p>\n","protected":false},"featured_media":2752,"template":"","product-category":[54,61],"acf":[],"_links":{"self":[{"href":"https:\/\/crossbowsoptical.com\/es\/wp-json\/wp\/v2\/product\/2112"}],"collection":[{"href":"https:\/\/crossbowsoptical.com\/es\/wp-json\/wp\/v2\/product"}],"about":[{"href":"https:\/\/crossbowsoptical.com\/es\/wp-json\/wp\/v2\/types\/product"}],"wp:featuredmedia":[{"embeddable":true,"href":"https:\/\/crossbowsoptical.com\/es\/wp-json\/wp\/v2\/media\/2752"}],"wp:attachment":[{"href":"https:\/\/crossbowsoptical.com\/es\/wp-json\/wp\/v2\/media?parent=2112"}],"wp:term":[{"taxonomy":"product-category","embeddable":true,"href":"https:\/\/crossbowsoptical.com\/es\/wp-json\/wp\/v2\/product-category?post=2112"}],"curies":[{"name":"wp","href":"https:\/\/api.w.org\/{rel}","templated":true}]}}