{"id":2106,"date":"2019-11-29T15:03:10","date_gmt":"2019-11-29T15:03:10","guid":{"rendered":"http:\/\/crossbowsoptical.blue2web.co.uk\/products\/custom-junior\/"},"modified":"2021-06-17T12:26:56","modified_gmt":"2021-06-17T12:26:56","slug":"custom-junior-soft","status":"publish","type":"product","link":"https:\/\/crossbowsoptical.com\/es\/products\/custom-junior-soft\/","title":{"rendered":"Custom Junior Soft"},"content":{"rendered":"<p>Este design progressivo suave foi criado em resposta a estudos cl\u00ednicos sobre o uso de multifocais em crian\u00e7as pequenas para retardar<br \/>\nprogress\u00e3o da miopia de in\u00edcio precoce. Estudos, realizados na \u00c1sia e nos Estados Unidos, concluem que lentes como a Custom Junior reduzem a progress\u00e3o da miopia. Recomendado para crian\u00e7as de 8 a 16 anos de acordo com sinais de que a miopia est\u00e1 se estabilizando no final da adolesc\u00eancia ou no in\u00edcio dos anos vinte.<\/p>\n<p>O design Junior oferece uma \u00e1rea de leitura grande e est\u00e1vel e excelente clareza perif\u00e9rica na zona de dist\u00e2ncia.<\/p>\n<p>Custom Junior Soft vem com descentraliza\u00e7\u00e3o vari\u00e1vel e OptiEdge para reduzir a espessura da borda e selecionar curvas de lente mais planas de acordo com a prescri\u00e7\u00e3o. Lentes finas e leves s\u00e3o importantes para<br \/>\npequenas arma\u00e7\u00f5es para crian\u00e7as. Um prisma prescrito bloqueado ou surfacado pode ser adicionado, se necess\u00e1rio.<\/p>\n<p>Caracter\u00edsticas Adicionales<br \/>\n&gt; Reducir la progresi\u00f3n de la miop\u00eda<br \/>\n&gt; SoftTransition<br \/>\n&gt; Descentraci\u00f3n Variable<br \/>\n&gt; Inset espec\u00edfico para ni\u00f1os<br \/>\n&gt; OptiEdge<br \/>\n&gt; OptiPrism<\/p>\n","protected":false},"featured_media":2569,"template":"","product-category":[54,61,68],"acf":[],"_links":{"self":[{"href":"https:\/\/crossbowsoptical.com\/es\/wp-json\/wp\/v2\/product\/2106"}],"collection":[{"href":"https:\/\/crossbowsoptical.com\/es\/wp-json\/wp\/v2\/product"}],"about":[{"href":"https:\/\/crossbowsoptical.com\/es\/wp-json\/wp\/v2\/types\/product"}],"wp:featuredmedia":[{"embeddable":true,"href":"https:\/\/crossbowsoptical.com\/es\/wp-json\/wp\/v2\/media\/2569"}],"wp:attachment":[{"href":"https:\/\/crossbowsoptical.com\/es\/wp-json\/wp\/v2\/media?parent=2106"}],"wp:term":[{"taxonomy":"product-category","embeddable":true,"href":"https:\/\/crossbowsoptical.com\/es\/wp-json\/wp\/v2\/product-category?post=2106"}],"curies":[{"name":"wp","href":"https:\/\/api.w.org\/{rel}","templated":true}]}}