{"id":2099,"date":"2019-11-29T13:52:45","date_gmt":"2019-11-29T13:52:45","guid":{"rendered":"http:\/\/crossbowsoptical.blue2web.co.uk\/products\/custom-desk\/"},"modified":"2021-06-17T10:33:38","modified_gmt":"2021-06-17T10:33:38","slug":"custom-desk-2-0","status":"publish","type":"product","link":"https:\/\/crossbowsoptical.com\/es\/products\/custom-desk-2-0\/","title":{"rendered":"Custom Desk 2.0"},"content":{"rendered":"<p>Custom Desk 2.0 ofrece campos de visi\u00f3n a\u00fan m\u00e1s amplios que Office y es a\u00fan m\u00e1s f\u00e1cil acceder al \u00e1rea de lectura, pero la visi\u00f3n a distancia completa se ha reducido.<\/p>\n<p>Caracter\u00edsticas Adicionales<br \/>\n&gt; Digi HD View<br \/>\n&gt; Descentraci\u00f3n Variable<br \/>\n&gt; OptiEdge<br \/>\n&gt; OptiPrism<br \/>\n&gt; Max Viewing Distance 1m<\/p>\n","protected":false},"featured_media":2575,"template":"","product-category":[54,66],"acf":[],"_links":{"self":[{"href":"https:\/\/crossbowsoptical.com\/es\/wp-json\/wp\/v2\/product\/2099"}],"collection":[{"href":"https:\/\/crossbowsoptical.com\/es\/wp-json\/wp\/v2\/product"}],"about":[{"href":"https:\/\/crossbowsoptical.com\/es\/wp-json\/wp\/v2\/types\/product"}],"wp:featuredmedia":[{"embeddable":true,"href":"https:\/\/crossbowsoptical.com\/es\/wp-json\/wp\/v2\/media\/2575"}],"wp:attachment":[{"href":"https:\/\/crossbowsoptical.com\/es\/wp-json\/wp\/v2\/media?parent=2099"}],"wp:term":[{"taxonomy":"product-category","embeddable":true,"href":"https:\/\/crossbowsoptical.com\/es\/wp-json\/wp\/v2\/product-category?post=2099"}],"curies":[{"name":"wp","href":"https:\/\/api.w.org\/{rel}","templated":true}]}}