{"id":2093,"date":"2019-11-29T13:42:30","date_gmt":"2019-11-29T13:42:30","guid":{"rendered":"http:\/\/crossbowsoptical.blue2web.co.uk\/products\/custom-office\/"},"modified":"2021-06-17T10:35:06","modified_gmt":"2021-06-17T10:35:06","slug":"custom-office","status":"publish","type":"product","link":"https:\/\/crossbowsoptical.com\/es\/products\/custom-office\/","title":{"rendered":"Custom Office"},"content":{"rendered":"<p>Custom Office es una excelente lente para usar mientras se trabaja en una tarea que requiere visi\u00f3n cercana o intermedia. Los beneficios sobre una lente progresiva totalmente corregida son campos de visi\u00f3n m\u00e1s amplios y una postura m\u00e1s c\u00f3moda, ya que el \u00e1rea de lectura es mucho m\u00e1s accesible . Compromete parte de la visi\u00f3n a distancia total de una lente progresiva normal, pero a\u00fan permite al usuario ver hasta 2,0 metros.<\/p>\n<p>Digi HD View mejora la claridad de la visi\u00f3n y reduce la tensi\u00f3n ocular y del cuello.<\/p>\n<p>Caracter\u00edsticas Adicionales<br \/>\n&gt; Digi HD View<br \/>\n&gt; Descentraci\u00f3n Variable<br \/>\n&gt; OptiEdge<br \/>\n&gt; OptiPrism<br \/>\n&gt; Distancia m\u00e1xima de visi\u00f3n 2 m<\/p>\n","protected":false},"featured_media":2576,"template":"","product-category":[54,66],"acf":[],"_links":{"self":[{"href":"https:\/\/crossbowsoptical.com\/es\/wp-json\/wp\/v2\/product\/2093"}],"collection":[{"href":"https:\/\/crossbowsoptical.com\/es\/wp-json\/wp\/v2\/product"}],"about":[{"href":"https:\/\/crossbowsoptical.com\/es\/wp-json\/wp\/v2\/types\/product"}],"wp:featuredmedia":[{"embeddable":true,"href":"https:\/\/crossbowsoptical.com\/es\/wp-json\/wp\/v2\/media\/2576"}],"wp:attachment":[{"href":"https:\/\/crossbowsoptical.com\/es\/wp-json\/wp\/v2\/media?parent=2093"}],"wp:term":[{"taxonomy":"product-category","embeddable":true,"href":"https:\/\/crossbowsoptical.com\/es\/wp-json\/wp\/v2\/product-category?post=2093"}],"curies":[{"name":"wp","href":"https:\/\/api.w.org\/{rel}","templated":true}]}}