{"id":2068,"date":"2019-11-26T14:58:55","date_gmt":"2019-11-26T14:58:55","guid":{"rendered":"http:\/\/crossbowsoptical.blue2web.co.uk\/products\/custom-u-soft\/"},"modified":"2021-06-17T07:15:38","modified_gmt":"2021-06-17T07:15:38","slug":"custom-u-soft","status":"publish","type":"product","link":"https:\/\/crossbowsoptical.com\/es\/products\/custom-u-soft\/","title":{"rendered":"Custom Dynamic"},"content":{"rendered":"<p>Nuestro nuevo dise\u00f1o Custom Dynamic utiliza la tecnolog\u00eda EyeView para brindar un rendimiento \u00f3ptico m\u00e1s consistente, independientemente de la potencia de prescripci\u00f3n. El dise\u00f1o ahora incluye EyePower para garantizar la mejor comodidad, independientemente de los armazones o las caracter\u00edsticas de cada paciente .<\/p>\n<p>O design inerentemente natural do CustomFORM oferece excelente conforto ao paciente com o design Dynamic. Com uma ampla gama de corredores e um sele\u00e7\u00e3o autom\u00e1tica, Dynamic oferece a melhor lente escolhida<br \/>\npara requisitos individuais.<\/p>\n<p>Caracter\u00edsticas Adicionales<br \/>\n&gt; SoftTransition<br \/>\n&gt; Descentraci\u00f3n Variable<br \/>\n&gt; Inset Variable<br \/>\n&gt; Selecci\u00f3n de Corredor Autom\u00e1tico<br \/>\n&gt; OptiEdge<br \/>\n&gt; OptiPrism<\/p>\n","protected":false},"featured_media":2563,"template":"","product-category":[49,50,53,54],"acf":[],"_links":{"self":[{"href":"https:\/\/crossbowsoptical.com\/es\/wp-json\/wp\/v2\/product\/2068"}],"collection":[{"href":"https:\/\/crossbowsoptical.com\/es\/wp-json\/wp\/v2\/product"}],"about":[{"href":"https:\/\/crossbowsoptical.com\/es\/wp-json\/wp\/v2\/types\/product"}],"wp:featuredmedia":[{"embeddable":true,"href":"https:\/\/crossbowsoptical.com\/es\/wp-json\/wp\/v2\/media\/2563"}],"wp:attachment":[{"href":"https:\/\/crossbowsoptical.com\/es\/wp-json\/wp\/v2\/media?parent=2068"}],"wp:term":[{"taxonomy":"product-category","embeddable":true,"href":"https:\/\/crossbowsoptical.com\/es\/wp-json\/wp\/v2\/product-category?post=2068"}],"curies":[{"name":"wp","href":"https:\/\/api.w.org\/{rel}","templated":true}]}}