{"id":2049,"date":"2019-10-19T13:17:08","date_gmt":"2019-10-19T13:17:08","guid":{"rendered":"http:\/\/crossbowsoptical.blue2web.co.uk\/products\/custom-v-wide\/"},"modified":"2021-06-17T07:16:45","modified_gmt":"2021-06-17T07:16:45","slug":"custom-v-wide","status":"publish","type":"product","link":"https:\/\/crossbowsoptical.com\/es\/products\/custom-v-wide\/","title":{"rendered":"Custom Delux"},"content":{"rendered":"<p>Delux, nuestro dise\u00f1o premium para el usuario exigente, se cre\u00f3 utilizando nuestro sistema de dise\u00f1o patentado &#8220;Smooth Optics&#8221;. Este enfoque radical invierte el proceso de dise\u00f1o normal y ha permitido dise\u00f1ar Delux desde el principio con un perfil de potencia media muy suave, minimizando as\u00ed efectos de mareo y distorsi\u00f3n y proporciona una excelente comodidad al paciente y rapidez adaptaci\u00f3n. El dise\u00f1o tambi\u00e9n tiene un excelente equilibrio binocular.<\/p>\n<p>La innovadora tecnolog\u00eda de trazado de rayos de EyeView garantiza que el rendimiento superior del dise\u00f1o Custom Delux sea uniforme en toda la lente.<\/p>\n<p>La tecnolog\u00eda de personalizaci\u00f3n de EyePower hace que las lentes Custom Delux sean ideales para deportistasque usan armazones muy curvas o de moda.<\/p>\n<p>El dise\u00f1o intr\u00ednsecamente natural de CustomFORM mejora el Custom Delux para proporcionar una excelente comodidad del paciente .<\/p>\n<p>Caracter\u00edsticas Adicionales<br \/>\n&gt; MaxView<br \/>\n&gt; Equilibrio Binocular<br \/>\n&gt; Descentraci\u00f3n Variable<br \/>\n&gt; Inset Variable<br \/>\n&gt; Selecci\u00f3n de Corredor Autom\u00e1tico<br \/>\n&gt; OptiEdge<br \/>\n&gt; OptiPrism<\/p>\n","protected":false},"featured_media":2561,"template":"","product-category":[49,50,53,54,68],"acf":[],"_links":{"self":[{"href":"https:\/\/crossbowsoptical.com\/es\/wp-json\/wp\/v2\/product\/2049"}],"collection":[{"href":"https:\/\/crossbowsoptical.com\/es\/wp-json\/wp\/v2\/product"}],"about":[{"href":"https:\/\/crossbowsoptical.com\/es\/wp-json\/wp\/v2\/types\/product"}],"wp:featuredmedia":[{"embeddable":true,"href":"https:\/\/crossbowsoptical.com\/es\/wp-json\/wp\/v2\/media\/2561"}],"wp:attachment":[{"href":"https:\/\/crossbowsoptical.com\/es\/wp-json\/wp\/v2\/media?parent=2049"}],"wp:term":[{"taxonomy":"product-category","embeddable":true,"href":"https:\/\/crossbowsoptical.com\/es\/wp-json\/wp\/v2\/product-category?post=2049"}],"curies":[{"name":"wp","href":"https:\/\/api.w.org\/{rel}","templated":true}]}}