{"id":2925,"date":"2019-10-17T15:35:30","date_gmt":"2019-10-17T15:35:30","guid":{"rendered":"https:\/\/crossbowsoptical.com\/sample-page-2\/"},"modified":"2022-02-18T09:36:37","modified_gmt":"2022-02-18T09:36:37","slug":"sample-page-2","status":"publish","type":"page","link":"https:\/\/crossbowsoptical.com\/es\/","title":{"rendered":"Dise\u00f1os digitales para uso diario y estilos de vida \u00fanicos"},"content":{"rendered":"\r\n<p>Nuestras lentes progresivas se crean utilizando tecnolog\u00edas \u00f3pticas avanzadas de forma libre para una experiencia visual fant\u00e1stica. Los dise\u00f1os progresivos van desde el uso diario hasta las necesidades espec\u00edficas de un estilo de vida e incorporan tecnolog\u00eda digital inteligente y patentada.<\/p>\r\n","protected":false},"excerpt":{"rendered":"<p>Nuestras lentes progresivas se crean utilizando tecnolog\u00edas \u00f3pticas avanzadas de forma libre para una experiencia visual fant\u00e1stica. Los dise\u00f1os progresivos van desde el uso diario hasta las necesidades espec\u00edficas de un estilo de vida e incorporan tecnolog\u00eda digital inteligente y patentada.<\/p>\n","protected":false},"author":3,"featured_media":2567,"parent":0,"menu_order":0,"comment_status":"closed","ping_status":"closed","template":"","meta":[],"acf":[],"_links":{"self":[{"href":"https:\/\/crossbowsoptical.com\/es\/wp-json\/wp\/v2\/pages\/2925"}],"collection":[{"href":"https:\/\/crossbowsoptical.com\/es\/wp-json\/wp\/v2\/pages"}],"about":[{"href":"https:\/\/crossbowsoptical.com\/es\/wp-json\/wp\/v2\/types\/page"}],"author":[{"embeddable":true,"href":"https:\/\/crossbowsoptical.com\/es\/wp-json\/wp\/v2\/users\/3"}],"replies":[{"embeddable":true,"href":"https:\/\/crossbowsoptical.com\/es\/wp-json\/wp\/v2\/comments?post=2925"}],"version-history":[{"count":18,"href":"https:\/\/crossbowsoptical.com\/es\/wp-json\/wp\/v2\/pages\/2925\/revisions"}],"predecessor-version":[{"id":3567,"href":"https:\/\/crossbowsoptical.com\/es\/wp-json\/wp\/v2\/pages\/2925\/revisions\/3567"}],"wp:featuredmedia":[{"embeddable":true,"href":"https:\/\/crossbowsoptical.com\/es\/wp-json\/wp\/v2\/media\/2567"}],"wp:attachment":[{"href":"https:\/\/crossbowsoptical.com\/es\/wp-json\/wp\/v2\/media?parent=2925"}],"curies":[{"name":"wp","href":"https:\/\/api.w.org\/{rel}","templated":true}]}}