{"id":1986,"date":"2019-10-31T10:18:20","date_gmt":"2019-10-31T10:18:20","guid":{"rendered":"http:\/\/crossbowsoptical.blue2web.co.uk\/metal-inserts\/"},"modified":"2022-02-01T17:00:00","modified_gmt":"2022-02-01T17:00:00","slug":"insertos-metalicos","status":"publish","type":"page","link":"https:\/\/crossbowsoptical.com\/es\/insertos-metalicos\/","title":{"rendered":"Insertos Met\u00e1licos"},"content":{"rendered":"<p>Tenemos una experiencia inigualable en insertos met\u00e1licos de precisi\u00f3n para lentes de policarbonato. Suministrando los mejores dise\u00f1os progresivos, insertos esf\u00e9ricos, asf\u00e9ricos y at\u00f3ricos de visi\u00f3n sencilla<\/p>\n","protected":false},"excerpt":{"rendered":"<p>Tenemos una experiencia inigualable en insertos met\u00e1licos de precisi\u00f3n para lentes de policarbonato. Suministrando los mejores dise\u00f1os progresivos, insertos esf\u00e9ricos, asf\u00e9ricos y at\u00f3ricos de visi\u00f3n sencilla<\/p>\n","protected":false},"author":1,"featured_media":822,"parent":0,"menu_order":0,"comment_status":"closed","ping_status":"closed","template":"","meta":[],"acf":[],"_links":{"self":[{"href":"https:\/\/crossbowsoptical.com\/es\/wp-json\/wp\/v2\/pages\/1986"}],"collection":[{"href":"https:\/\/crossbowsoptical.com\/es\/wp-json\/wp\/v2\/pages"}],"about":[{"href":"https:\/\/crossbowsoptical.com\/es\/wp-json\/wp\/v2\/types\/page"}],"author":[{"embeddable":true,"href":"https:\/\/crossbowsoptical.com\/es\/wp-json\/wp\/v2\/users\/1"}],"replies":[{"embeddable":true,"href":"https:\/\/crossbowsoptical.com\/es\/wp-json\/wp\/v2\/comments?post=1986"}],"version-history":[{"count":4,"href":"https:\/\/crossbowsoptical.com\/es\/wp-json\/wp\/v2\/pages\/1986\/revisions"}],"predecessor-version":[{"id":3485,"href":"https:\/\/crossbowsoptical.com\/es\/wp-json\/wp\/v2\/pages\/1986\/revisions\/3485"}],"wp:featuredmedia":[{"embeddable":true,"href":"https:\/\/crossbowsoptical.com\/es\/wp-json\/wp\/v2\/media\/822"}],"wp:attachment":[{"href":"https:\/\/crossbowsoptical.com\/es\/wp-json\/wp\/v2\/media?parent=1986"}],"curies":[{"name":"wp","href":"https:\/\/api.w.org\/{rel}","templated":true}]}}