{"id":1552,"date":"2019-10-31T10:19:11","date_gmt":"2019-10-31T10:19:11","guid":{"rendered":"http:\/\/crossbowsoptical.blue2web.co.uk\/innovative-technology\/"},"modified":"2022-02-02T10:36:32","modified_gmt":"2022-02-02T10:36:32","slug":"tecnologias-incorporadas","status":"publish","type":"page","link":"https:\/\/crossbowsoptical.com\/es\/tecnologias-incorporadas\/","title":{"rendered":"Tecnolog\u00edas Incorporadas"},"content":{"rendered":"<p>Nuestro software FreeForm, CrossbowsRX \u2122, ofrece a los clientes un sistema de dise\u00f1o f\u00e1cil de instalar y f\u00e1cil de usar que crea lentes con la potencia media m\u00e1s suave de la industria. A medida que desarrollemos nuevas tecnolog\u00edas y caracter\u00edsticas, actualizaremos su software para asegurarnos de que pueda maximizar los beneficios y mejorar su oferta de lentes.<\/p>\n","protected":false},"excerpt":{"rendered":"<p>Nuestro software FreeForm, CrossbowsRX \u2122, ofrece a los clientes un sistema de dise\u00f1o f\u00e1cil de instalar y f\u00e1cil de usar que crea lentes con la potencia media m\u00e1s suave de la industria. A medida que desarrollemos nuevas tecnolog\u00edas y caracter\u00edsticas, actualizaremos su software para asegurarnos de que pueda maximizar los beneficios y mejorar su oferta &hellip; <a href=\"https:\/\/crossbowsoptical.com\/es\/tecnologias-incorporadas\/\">Continued<\/a><\/p>\n","protected":false},"author":1,"featured_media":2552,"parent":0,"menu_order":0,"comment_status":"closed","ping_status":"closed","template":"","meta":[],"acf":[],"_links":{"self":[{"href":"https:\/\/crossbowsoptical.com\/es\/wp-json\/wp\/v2\/pages\/1552"}],"collection":[{"href":"https:\/\/crossbowsoptical.com\/es\/wp-json\/wp\/v2\/pages"}],"about":[{"href":"https:\/\/crossbowsoptical.com\/es\/wp-json\/wp\/v2\/types\/page"}],"author":[{"embeddable":true,"href":"https:\/\/crossbowsoptical.com\/es\/wp-json\/wp\/v2\/users\/1"}],"replies":[{"embeddable":true,"href":"https:\/\/crossbowsoptical.com\/es\/wp-json\/wp\/v2\/comments?post=1552"}],"version-history":[{"count":6,"href":"https:\/\/crossbowsoptical.com\/es\/wp-json\/wp\/v2\/pages\/1552\/revisions"}],"predecessor-version":[{"id":3494,"href":"https:\/\/crossbowsoptical.com\/es\/wp-json\/wp\/v2\/pages\/1552\/revisions\/3494"}],"wp:featuredmedia":[{"embeddable":true,"href":"https:\/\/crossbowsoptical.com\/es\/wp-json\/wp\/v2\/media\/2552"}],"wp:attachment":[{"href":"https:\/\/crossbowsoptical.com\/es\/wp-json\/wp\/v2\/media?parent=1552"}],"curies":[{"name":"wp","href":"https:\/\/api.w.org\/{rel}","templated":true}]}}